{"id":33,"date":"2025-11-13T10:44:00","date_gmt":"2025-11-13T10:44:00","guid":{"rendered":"https:\/\/demo.airtetiaroa.com\/?page_id=33"},"modified":"2026-04-29T16:37:48","modified_gmt":"2026-04-30T02:37:48","slug":"espace-documents","status":"publish","type":"page","link":"https:\/\/www.airtetiaroa.com\/en\/espace-documents\/","title":{"rendered":"Documents area"},"content":{"rendered":"<div data-elementor-type=\"wp-page\" data-elementor-id=\"33\" class=\"elementor elementor-33\" data-elementor-post-type=\"page\">\n\t\t\t\t<div data-particle_enable=\"false\" data-particle-mobile-disabled=\"false\" class=\"elementor-element elementor-element-fe107bb e-flex e-con-boxed e-con e-parent\" data-id=\"fe107bb\" data-element_type=\"container\" data-settings=\"{&quot;background_background&quot;:&quot;classic&quot;}\">\n\t\t\t\t\t<div class=\"e-con-inner\">\n\t\t\t\t<div class=\"elementor-element elementor-element-62792a5 elementor-invisible elementor-widget elementor-widget-heading\" data-id=\"62792a5\" data-element_type=\"widget\" data-settings=\"{&quot;_animation&quot;:&quot;fadeInDown&quot;}\" data-widget_type=\"heading.default\">\n\t\t\t\t\t<h1 class=\"elementor-heading-title elementor-size-default\">Documents area<\/h1>\t\t\t\t<\/div>\n\t\t\t\t<div class=\"elementor-element elementor-element-fc1206c elementor-widget__width-initial elementor-invisible elementor-widget elementor-widget-text-editor\" data-id=\"fc1206c\" data-element_type=\"widget\" data-settings=\"{&quot;_animation&quot;:&quot;fadeInDown&quot;}\" data-widget_type=\"text-editor.default\">\n\t\t\t\t\t\t\t\t\t<p>Find various documents available for you on this page.<\/p>\t\t\t\t\t\t\t\t<\/div>\n\t\t\t\t<div class=\"elementor-element elementor-element-e713ccf elementor-widget-divider--view-line elementor-widget elementor-widget-divider\" data-id=\"e713ccf\" data-element_type=\"widget\" data-widget_type=\"divider.default\">\n\t\t\t\t\t\t\t<div class=\"elementor-divider\">\n\t\t\t<span class=\"elementor-divider-separator\">\n\t\t\t\t\t\t<\/span>\n\t\t<\/div>\n\t\t\t\t\t\t<\/div>\n\t\t\t\t\t<\/div>\n\t\t\t\t<\/div>\n\t\t<div data-particle_enable=\"false\" data-particle-mobile-disabled=\"false\" class=\"elementor-element elementor-element-22c977f e-flex e-con-boxed e-con e-parent\" data-id=\"22c977f\" data-element_type=\"container\">\n\t\t\t\t\t<div class=\"e-con-inner\">\n\t\t\t\t<div class=\"elementor-element elementor-element-e2d6a46 elementor-widget elementor-widget-heading\" data-id=\"e2d6a46\" data-element_type=\"widget\" data-widget_type=\"heading.default\">\n\t\t\t\t\t<h2 class=\"elementor-heading-title elementor-size-default\">PASSENGER INFORMATION<\/h2>\t\t\t\t<\/div>\n\t\t\t\t<div class=\"dce-fix-background-loop elementor-element elementor-element-58eb22c elementor-widget elementor-widget-dce-acf-repeater-v2\" data-id=\"58eb22c\" data-element_type=\"widget\" data-settings=\"{&quot;dce_acf_repeater_format&quot;:&quot;list&quot;}\" data-widget_type=\"dce-acf-repeater-v2.default\">\n\t\t\t\t<div class=\"elementor-widget-container\">\n\t\t\t\t\t<div class=\"dce-acf-repeater\"><ul class=\"dce-acf-repeater-list\"><li class=\"dce-acf-repeater-item\"><span class=\"repeater-item elementor-repeater-item-f39b8e2\"><a href=\"https:\/\/www.airtetiaroa.com\/en\/espace-documents\/info-pax-brando-francais\/\" target=\"_blank\">Passenger information \u2013 The Brando guest<\/a><\/span><\/li><li class=\"dce-acf-repeater-item\"><span class=\"repeater-item elementor-repeater-item-f39b8e2\"><a href=\"https:\/\/www.airtetiaroa.com\/en\/espace-documents\/info-pax-charter-francais\/\" target=\"_blank\">Passenger information \u2013 Charter flight guest<\/a><\/span><\/li><li class=\"dce-acf-repeater-item\"><span class=\"repeater-item elementor-repeater-item-f39b8e2\"><a href=\"https:\/\/www.airtetiaroa.com\/en\/espace-documents\/info-pax-staff-francais\/\" target=\"_blank\">Passenger information \u2013 Tetiaroa residents<\/a><\/span><\/li><\/ul><\/div>\t\t\t\t<\/div>\n\t\t\t\t<\/div>\n\t\t\t\t<div class=\"elementor-element elementor-element-7ab7b62 elementor-widget elementor-widget-spacer\" data-id=\"7ab7b62\" data-element_type=\"widget\" data-widget_type=\"spacer.default\">\n\t\t\t\t\t\t\t<div class=\"elementor-spacer\">\n\t\t\t<div class=\"elementor-spacer-inner\"><\/div>\n\t\t<\/div>\n\t\t\t\t\t\t<\/div>\n\t\t\t\t<div class=\"elementor-element elementor-element-217ff50 elementor-widget elementor-widget-heading\" data-id=\"217ff50\" data-element_type=\"widget\" data-widget_type=\"heading.default\">\n\t\t\t\t\t<h2 class=\"elementor-heading-title elementor-size-default\">OFFICIAL APPROVALS<\/h2>\t\t\t\t<\/div>\n\t\t\t\t<div class=\"dce-fix-background-loop elementor-element elementor-element-62f0a4f elementor-widget elementor-widget-dce-acf-repeater-v2\" data-id=\"62f0a4f\" data-element_type=\"widget\" data-settings=\"{&quot;dce_acf_repeater_format&quot;:&quot;list&quot;}\" data-widget_type=\"dce-acf-repeater-v2.default\">\n\t\t\t\t<div class=\"elementor-widget-container\">\n\t\t\t\t\t<div class=\"dce-acf-repeater\"><ul class=\"dce-acf-repeater-list\"><li class=\"dce-acf-repeater-item\"><span class=\"repeater-item elementor-repeater-item-f39b8e2\"><a href=\"https:\/\/www.airtetiaroa.com\/en\/espace-documents\/certificat-de-transporteur-aerien-fr-aoc-0093\/\" target=\"_blank\">Air Operator Certificate (FR.AOC.0093)<\/a><\/span><\/li><li class=\"dce-acf-repeater-item\"><span class=\"repeater-item elementor-repeater-item-f39b8e2\"><a href=\"https:\/\/www.airtetiaroa.com\/en\/espace-documents\/organisme-de-gestion-du-maintien-de-la-navigabilite-fr-camo-0051\/\" target=\"_blank\">Continuing Airworthiness Management Organization (FR.CAMO.0051)<\/a><\/span><\/li><li class=\"dce-acf-repeater-item\"><span class=\"repeater-item elementor-repeater-item-f39b8e2\"><a href=\"https:\/\/www.airtetiaroa.com\/en\/espace-documents\/organisme-de-maintenance-fr-145-0711\/\" target=\"_blank\">Maintenance Organization (FR.145.0711)<\/a><\/span><\/li><li class=\"dce-acf-repeater-item\"><span class=\"repeater-item elementor-repeater-item-f39b8e2\"><a href=\"https:\/\/www.airtetiaroa.com\/en\/espace-documents\/cours-de-formation-fr-ato-0278\/\" target=\"_blank\">Training Organization (FR.ATO.0278)<\/a><\/span><\/li><\/ul><\/div>\t\t\t\t<\/div>\n\t\t\t\t<\/div>\n\t\t\t\t<div class=\"elementor-element elementor-element-1ee919f elementor-widget elementor-widget-spacer\" data-id=\"1ee919f\" data-element_type=\"widget\" data-widget_type=\"spacer.default\">\n\t\t\t\t\t\t\t<div class=\"elementor-spacer\">\n\t\t\t<div class=\"elementor-spacer-inner\"><\/div>\n\t\t<\/div>\n\t\t\t\t\t\t<\/div>\n\t\t\t\t<div class=\"elementor-element elementor-element-b1c8842 elementor-widget elementor-widget-heading\" data-id=\"b1c8842\" data-element_type=\"widget\" data-widget_type=\"heading.default\">\n\t\t\t\t\t<h2 class=\"elementor-heading-title elementor-size-default\">LIABILITY WAIVERS<\/h2>\t\t\t\t<\/div>\n\t\t\t\t<div class=\"dce-fix-background-loop elementor-element elementor-element-7fe102d elementor-widget elementor-widget-dce-acf-repeater-v2\" data-id=\"7fe102d\" data-element_type=\"widget\" data-settings=\"{&quot;dce_acf_repeater_format&quot;:&quot;list&quot;}\" data-widget_type=\"dce-acf-repeater-v2.default\">\n\t\t\t\t<div class=\"elementor-widget-container\">\n\t\t\t\t\t<div class=\"dce-acf-repeater\"><ul class=\"dce-acf-repeater-list\"><li class=\"dce-acf-repeater-item\"><span class=\"repeater-item elementor-repeater-item-f39b8e2\"><a href=\"https:\/\/www.airtetiaroa.com\/wp-content\/uploads\/2025\/11\/PASSAGER-PMR-AVEC-ASSISTANCE.pdf\" target=\"_blank\">PRM passenger with assistance<\/a><\/span><\/li><li class=\"dce-acf-repeater-item\"><span class=\"repeater-item elementor-repeater-item-f39b8e2\">Pregnant passenger<\/span><\/li><li class=\"dce-acf-repeater-item\"><span class=\"repeater-item elementor-repeater-item-f39b8e2\">Unaccompanied minor<\/span><\/li><\/ul><\/div>\t\t\t\t<\/div>\n\t\t\t\t<\/div>\n\t\t\t\t\t<\/div>\n\t\t\t\t<\/div>\n\t\t\t\t<\/div>","protected":false},"excerpt":{"rendered":"<p>Espace documents Retrouvez sur cette page divers documents mis \u00e0 votre disposition. INFORMATIONS PASSAGERS Information passager &#8211; Client The Brando Information passager &#8211; Client vol charter Information passager &#8211; Staff Tetiaroa AGR\u00c9MENTS OFFICIELS Certificat de transporteur a\u00e9rien (FR.AOC.0093) Organisme de gestion du maintien de la navigabilit\u00e9 (FR.CAMO.0051) Organisme de maintenance (FR.145.0711) Cours de formation (FR.ATO.0278) [&hellip;]<\/p>\n","protected":false},"author":1,"featured_media":0,"parent":0,"menu_order":0,"comment_status":"closed","ping_status":"closed","template":"","meta":{"_acf_changed":false,"footnotes":""},"class_list":["post-33","page","type-page","status-publish","hentry"],"acf":[],"yoast_head":"<!-- This site is optimized with the Yoast SEO plugin v26.7 - https:\/\/yoast.com\/wordpress\/plugins\/seo\/ -->\n<title>Espace documents - Air Tetiaroa<\/title>\n<meta name=\"robots\" content=\"index, follow, max-snippet:-1, max-image-preview:large, max-video-preview:-1\" \/>\n<link rel=\"canonical\" href=\"https:\/\/www.airtetiaroa.com\/en\/espace-documents\/\" \/>\n<meta property=\"og:locale\" content=\"en_US\" \/>\n<meta property=\"og:type\" content=\"article\" \/>\n<meta property=\"og:title\" content=\"Espace documents - Air Tetiaroa\" \/>\n<meta property=\"og:description\" content=\"Espace documents Retrouvez sur cette page divers documents mis \u00e0 votre disposition. INFORMATIONS PASSAGERS Information passager &#8211; Client The Brando Information passager &#8211; Client vol charter Information passager &#8211; Staff Tetiaroa AGR\u00c9MENTS OFFICIELS Certificat de transporteur a\u00e9rien (FR.AOC.0093) Organisme de gestion du maintien de la navigabilit\u00e9 (FR.CAMO.0051) Organisme de maintenance (FR.145.0711) Cours de formation (FR.ATO.0278) [&hellip;]\" \/>\n<meta property=\"og:url\" content=\"https:\/\/www.airtetiaroa.com\/en\/espace-documents\/\" \/>\n<meta property=\"og:site_name\" content=\"Air Tetiaroa\" \/>\n<meta property=\"article:modified_time\" content=\"2026-04-30T02:37:48+00:00\" \/>\n<meta name=\"twitter:card\" content=\"summary_large_image\" \/>\n<meta name=\"twitter:label1\" content=\"Est. reading time\" \/>\n\t<meta name=\"twitter:data1\" content=\"1 minute\" \/>\n<script type=\"application\/ld+json\" class=\"yoast-schema-graph\">{\"@context\":\"https:\/\/schema.org\",\"@graph\":[{\"@type\":\"WebPage\",\"@id\":\"https:\/\/www.airtetiaroa.com\/espace-documents\/\",\"url\":\"https:\/\/www.airtetiaroa.com\/espace-documents\/\",\"name\":\"Espace documents - Air Tetiaroa\",\"isPartOf\":{\"@id\":\"https:\/\/www.airtetiaroa.com\/#website\"},\"datePublished\":\"2025-11-13T10:44:00+00:00\",\"dateModified\":\"2026-04-30T02:37:48+00:00\",\"breadcrumb\":{\"@id\":\"https:\/\/www.airtetiaroa.com\/espace-documents\/#breadcrumb\"},\"inLanguage\":\"en-US\",\"potentialAction\":[{\"@type\":\"ReadAction\",\"target\":[\"https:\/\/www.airtetiaroa.com\/espace-documents\/\"]}]},{\"@type\":\"BreadcrumbList\",\"@id\":\"https:\/\/www.airtetiaroa.com\/espace-documents\/#breadcrumb\",\"itemListElement\":[{\"@type\":\"ListItem\",\"position\":1,\"name\":\"Home\",\"item\":\"https:\/\/www.airtetiaroa.com\/\"},{\"@type\":\"ListItem\",\"position\":2,\"name\":\"Espace documents\"}]},{\"@type\":\"WebSite\",\"@id\":\"https:\/\/www.airtetiaroa.com\/#website\",\"url\":\"https:\/\/www.airtetiaroa.com\/\",\"name\":\"Air Tetiaroa\",\"description\":\"Vols \u00e0 la demande en Polyn\u00e9sie Fran\u00e7aise.\",\"publisher\":{\"@id\":\"https:\/\/www.airtetiaroa.com\/#organization\"},\"potentialAction\":[{\"@type\":\"SearchAction\",\"target\":{\"@type\":\"EntryPoint\",\"urlTemplate\":\"https:\/\/www.airtetiaroa.com\/?s={search_term_string}\"},\"query-input\":{\"@type\":\"PropertyValueSpecification\",\"valueRequired\":true,\"valueName\":\"search_term_string\"}}],\"inLanguage\":\"en-US\"},{\"@type\":\"Organization\",\"@id\":\"https:\/\/www.airtetiaroa.com\/#organization\",\"name\":\"Air Tetiaroa\",\"url\":\"https:\/\/www.airtetiaroa.com\/\",\"logo\":{\"@type\":\"ImageObject\",\"inLanguage\":\"en-US\",\"@id\":\"https:\/\/www.airtetiaroa.com\/#\/schema\/logo\/image\/\",\"url\":\"https:\/\/www.airtetiaroa.com\/wp-content\/uploads\/2025\/11\/logo-airtetiaroa-scaled.png\",\"contentUrl\":\"https:\/\/www.airtetiaroa.com\/wp-content\/uploads\/2025\/11\/logo-airtetiaroa-scaled.png\",\"width\":2560,\"height\":437,\"caption\":\"Air Tetiaroa\"},\"image\":{\"@id\":\"https:\/\/www.airtetiaroa.com\/#\/schema\/logo\/image\/\"}}]}<\/script>\n<!-- \/ Yoast SEO plugin. -->","yoast_head_json":{"title":"Espace documents - Air Tetiaroa","robots":{"index":"index","follow":"follow","max-snippet":"max-snippet:-1","max-image-preview":"max-image-preview:large","max-video-preview":"max-video-preview:-1"},"canonical":"https:\/\/www.airtetiaroa.com\/en\/espace-documents\/","og_locale":"en_US","og_type":"article","og_title":"Espace documents - Air Tetiaroa","og_description":"Espace documents Retrouvez sur cette page divers documents mis \u00e0 votre disposition. INFORMATIONS PASSAGERS Information passager &#8211; Client The Brando Information passager &#8211; Client vol charter Information passager &#8211; Staff Tetiaroa AGR\u00c9MENTS OFFICIELS Certificat de transporteur a\u00e9rien (FR.AOC.0093) Organisme de gestion du maintien de la navigabilit\u00e9 (FR.CAMO.0051) Organisme de maintenance (FR.145.0711) Cours de formation (FR.ATO.0278) [&hellip;]","og_url":"https:\/\/www.airtetiaroa.com\/en\/espace-documents\/","og_site_name":"Air Tetiaroa","article_modified_time":"2026-04-30T02:37:48+00:00","twitter_card":"summary_large_image","twitter_misc":{"Est. reading time":"1 minute"},"schema":{"@context":"https:\/\/schema.org","@graph":[{"@type":"WebPage","@id":"https:\/\/www.airtetiaroa.com\/espace-documents\/","url":"https:\/\/www.airtetiaroa.com\/espace-documents\/","name":"Espace documents - Air Tetiaroa","isPartOf":{"@id":"https:\/\/www.airtetiaroa.com\/#website"},"datePublished":"2025-11-13T10:44:00+00:00","dateModified":"2026-04-30T02:37:48+00:00","breadcrumb":{"@id":"https:\/\/www.airtetiaroa.com\/espace-documents\/#breadcrumb"},"inLanguage":"en-US","potentialAction":[{"@type":"ReadAction","target":["https:\/\/www.airtetiaroa.com\/espace-documents\/"]}]},{"@type":"BreadcrumbList","@id":"https:\/\/www.airtetiaroa.com\/espace-documents\/#breadcrumb","itemListElement":[{"@type":"ListItem","position":1,"name":"Home","item":"https:\/\/www.airtetiaroa.com\/"},{"@type":"ListItem","position":2,"name":"Espace documents"}]},{"@type":"WebSite","@id":"https:\/\/www.airtetiaroa.com\/#website","url":"https:\/\/www.airtetiaroa.com\/","name":"Air Tetiaroa","description":"On-demand flights in French Polynesia.","publisher":{"@id":"https:\/\/www.airtetiaroa.com\/#organization"},"potentialAction":[{"@type":"SearchAction","target":{"@type":"EntryPoint","urlTemplate":"https:\/\/www.airtetiaroa.com\/?s={search_term_string}"},"query-input":{"@type":"PropertyValueSpecification","valueRequired":true,"valueName":"search_term_string"}}],"inLanguage":"en-US"},{"@type":"Organization","@id":"https:\/\/www.airtetiaroa.com\/#organization","name":"Air Tetiaroa","url":"https:\/\/www.airtetiaroa.com\/","logo":{"@type":"ImageObject","inLanguage":"en-US","@id":"https:\/\/www.airtetiaroa.com\/#\/schema\/logo\/image\/","url":"https:\/\/www.airtetiaroa.com\/wp-content\/uploads\/2025\/11\/logo-airtetiaroa-scaled.png","contentUrl":"https:\/\/www.airtetiaroa.com\/wp-content\/uploads\/2025\/11\/logo-airtetiaroa-scaled.png","width":2560,"height":437,"caption":"Air Tetiaroa"},"image":{"@id":"https:\/\/www.airtetiaroa.com\/#\/schema\/logo\/image\/"}}]}},"_links":{"self":[{"href":"https:\/\/www.airtetiaroa.com\/en\/wp-json\/wp\/v2\/pages\/33","targetHints":{"allow":["GET"]}}],"collection":[{"href":"https:\/\/www.airtetiaroa.com\/en\/wp-json\/wp\/v2\/pages"}],"about":[{"href":"https:\/\/www.airtetiaroa.com\/en\/wp-json\/wp\/v2\/types\/page"}],"author":[{"embeddable":true,"href":"https:\/\/www.airtetiaroa.com\/en\/wp-json\/wp\/v2\/users\/1"}],"replies":[{"embeddable":true,"href":"https:\/\/www.airtetiaroa.com\/en\/wp-json\/wp\/v2\/comments?post=33"}],"version-history":[{"count":47,"href":"https:\/\/www.airtetiaroa.com\/en\/wp-json\/wp\/v2\/pages\/33\/revisions"}],"predecessor-version":[{"id":2381,"href":"https:\/\/www.airtetiaroa.com\/en\/wp-json\/wp\/v2\/pages\/33\/revisions\/2381"}],"wp:attachment":[{"href":"https:\/\/www.airtetiaroa.com\/en\/wp-json\/wp\/v2\/media?parent=33"}],"curies":[{"name":"wp","href":"https:\/\/api.w.org\/{rel}","templated":true}]}}