{"id":31,"date":"2025-11-13T10:43:47","date_gmt":"2025-11-13T10:43:47","guid":{"rendered":"https:\/\/demo.airtetiaroa.com\/?page_id=31"},"modified":"2026-01-18T15:48:58","modified_gmt":"2026-01-19T01:48:58","slug":"situations-particulieres","status":"publish","type":"page","link":"https:\/\/www.airtetiaroa.com\/en\/situations-particulieres\/","title":{"rendered":"Situations particuli\u00e8res"},"content":{"rendered":"<div data-elementor-type=\"wp-page\" data-elementor-id=\"31\" class=\"elementor elementor-31\" data-elementor-post-type=\"page\">\n\t\t\t\t<div data-particle_enable=\"false\" data-particle-mobile-disabled=\"false\" class=\"elementor-element elementor-element-da5c640 e-flex e-con-boxed e-con e-parent\" data-id=\"da5c640\" data-element_type=\"container\" data-settings=\"{&quot;background_background&quot;:&quot;classic&quot;}\">\n\t\t\t\t\t<div class=\"e-con-inner\">\n\t\t\t\t<div class=\"elementor-element elementor-element-c229da4 elementor-invisible elementor-widget elementor-widget-heading\" data-id=\"c229da4\" data-element_type=\"widget\" data-settings=\"{&quot;_animation&quot;:&quot;fadeInDown&quot;}\" data-widget_type=\"heading.default\">\n\t\t\t\t\t<h1 class=\"elementor-heading-title elementor-size-default\">Special situations and conditions<\/h1>\t\t\t\t<\/div>\n\t\t\t\t<div class=\"elementor-element elementor-element-5ad7ca8 elementor-widget__width-initial elementor-invisible elementor-widget elementor-widget-text-editor\" data-id=\"5ad7ca8\" data-element_type=\"widget\" data-settings=\"{&quot;_animation&quot;:&quot;fadeInDown&quot;}\" data-widget_type=\"text-editor.default\">\n\t\t\t\t\t\t\t\t\t<p>Some situations require special attention. This page provides the key information you need to ensure your safety and comfort on board.<\/p>\t\t\t\t\t\t\t\t<\/div>\n\t\t\t\t<div class=\"elementor-element elementor-element-2b6c576 elementor-widget-divider--view-line elementor-widget elementor-widget-divider\" data-id=\"2b6c576\" data-element_type=\"widget\" data-widget_type=\"divider.default\">\n\t\t\t\t\t\t\t<div class=\"elementor-divider\">\n\t\t\t<span class=\"elementor-divider-separator\">\n\t\t\t\t\t\t<\/span>\n\t\t<\/div>\n\t\t\t\t\t\t<\/div>\n\t\t\t\t\t<\/div>\n\t\t\t\t<\/div>\n\t\t<div data-particle_enable=\"false\" data-particle-mobile-disabled=\"false\" class=\"elementor-element elementor-element-91b0c5a e-flex e-con-boxed e-con e-parent\" data-id=\"91b0c5a\" data-element_type=\"container\">\n\t\t\t\t\t<div class=\"e-con-inner\">\n\t\t<div data-particle_enable=\"false\" data-particle-mobile-disabled=\"false\" class=\"elementor-element elementor-element-2342e3b e-con-full e-flex e-con e-child\" data-id=\"2342e3b\" data-element_type=\"container\">\n\t\t\t\t<div class=\"elementor-element elementor-element-efa31f3 elementor-widget elementor-widget-heading\" data-id=\"efa31f3\" data-element_type=\"widget\" data-widget_type=\"heading.default\">\n\t\t\t\t\t<h2 class=\"elementor-heading-title elementor-size-default\">\u2022 Passengers with reduced mobility (PRM)<\/h2>\t\t\t\t<\/div>\n\t\t\t\t<div class=\"elementor-element elementor-element-fba099c elementor-widget__width-initial elementor-invisible elementor-widget elementor-widget-text-editor\" data-id=\"fba099c\" data-element_type=\"widget\" data-settings=\"{&quot;_animation&quot;:&quot;fadeInDown&quot;}\" data-widget_type=\"text-editor.default\">\n\t\t\t\t\t\t\t\t\t<p>Our aircraft do not have cabin crew on board. As a result, no assistance can be provided during the flight for passengers with reduced mobility.\nFor safety reasons \u2014 particularly in the event of an emergency evacuation \u2014 passengers must be fully autonomous in their movements, including when boarding and disembarking the aircraft.\nIf such condition is not met, unfortunately boarding will not be authorized.<\/p>\t\t\t\t\t\t\t\t<\/div>\n\t\t\t\t<\/div>\n\t\t<div data-particle_enable=\"false\" data-particle-mobile-disabled=\"false\" class=\"elementor-element elementor-element-6367e92 e-con-full e-flex e-con e-child\" data-id=\"6367e92\" data-element_type=\"container\">\n\t\t\t\t<div class=\"elementor-element elementor-element-e07367d elementor-widget elementor-widget-heading\" data-id=\"e07367d\" data-element_type=\"widget\" data-widget_type=\"heading.default\">\n\t\t\t\t\t<h2 class=\"elementor-heading-title elementor-size-default\">\u2022 Passengers of larger body size<\/h2>\t\t\t\t<\/div>\n\t\t\t\t<div class=\"elementor-element elementor-element-10e27b2 elementor-widget__width-initial elementor-invisible elementor-widget elementor-widget-text-editor\" data-id=\"10e27b2\" data-element_type=\"widget\" data-settings=\"{&quot;_animation&quot;:&quot;fadeInDown&quot;}\" data-widget_type=\"text-editor.default\">\n\t\t\t\t\t\t\t\t\t<p>Each passenger must be able to fasten their seat belt during the flight. The maximum belt length is 135 cm.\nIf needed, an extension can be provided, and an Extra Seat (additional seat) may be offered at no extra cost, whenever possible and subject to availability.<\/p>\t\t\t\t\t\t\t\t<\/div>\n\t\t\t\t<\/div>\n\t\t<div data-particle_enable=\"false\" data-particle-mobile-disabled=\"false\" class=\"elementor-element elementor-element-4d0bb3a e-con-full e-flex e-con e-child\" data-id=\"4d0bb3a\" data-element_type=\"container\">\n\t\t\t\t<div class=\"elementor-element elementor-element-10a79e0 elementor-widget elementor-widget-heading\" data-id=\"10a79e0\" data-element_type=\"widget\" data-widget_type=\"heading.default\">\n\t\t\t\t\t<h2 class=\"elementor-heading-title elementor-size-default\">\u2022 Pregnant passengers<\/h2>\t\t\t\t<\/div>\n\t\t\t\t<div class=\"elementor-element elementor-element-0378e09 elementor-widget__width-initial elementor-invisible elementor-widget elementor-widget-text-editor\" data-id=\"0378e09\" data-element_type=\"widget\" data-settings=\"{&quot;_animation&quot;:&quot;fadeInDown&quot;}\" data-widget_type=\"text-editor.default\">\n\t\t\t\t\t\t\t\t\t<p>For safety reasons, pregnant passengers cannot travel from the 8th month or from the 31st week of pregnancy.\nBetween the 22nd and 30th week, a medical certificate authorizing air travel is required.\nIf this certificate is not provided, a liability waiver signed by the passenger will be required before departure.<\/p>\t\t\t\t\t\t\t\t<\/div>\n\t\t\t\t<\/div>\n\t\t<div data-particle_enable=\"false\" data-particle-mobile-disabled=\"false\" class=\"elementor-element elementor-element-0fba1be e-con-full e-flex e-con e-child\" data-id=\"0fba1be\" data-element_type=\"container\">\n\t\t\t\t<div class=\"elementor-element elementor-element-e63e7a8 elementor-widget elementor-widget-heading\" data-id=\"e63e7a8\" data-element_type=\"widget\" data-widget_type=\"heading.default\">\n\t\t\t\t\t<h2 class=\"elementor-heading-title elementor-size-default\">\u2022 Babies on board<\/h2>\t\t\t\t<\/div>\n\t\t\t\t<div class=\"elementor-element elementor-element-3e836ba elementor-widget__width-initial elementor-invisible elementor-widget elementor-widget-text-editor\" data-id=\"3e836ba\" data-element_type=\"widget\" data-settings=\"{&quot;_animation&quot;:&quot;fadeInDown&quot;}\" data-widget_type=\"text-editor.default\">\n\t\t\t\t\t\t\t\t\t<p>Babies under 2 years old must travel on an adult\u2019s lap, using an additional seatbelt extension provided on board.\nFrom the age of 2, the child must have their own seat.<\/p>\t\t\t\t\t\t\t\t<\/div>\n\t\t\t\t<\/div>\n\t\t<div data-particle_enable=\"false\" data-particle-mobile-disabled=\"false\" class=\"elementor-element elementor-element-3cebce9 e-con-full e-flex e-con e-child\" data-id=\"3cebce9\" data-element_type=\"container\">\n\t\t\t\t<div class=\"elementor-element elementor-element-d8bd4bc elementor-widget elementor-widget-heading\" data-id=\"d8bd4bc\" data-element_type=\"widget\" data-widget_type=\"heading.default\">\n\t\t\t\t\t<h2 class=\"elementor-heading-title elementor-size-default\">\u2022 Other specific medical situations<\/h2>\t\t\t\t<\/div>\n\t\t\t\t<div class=\"elementor-element elementor-element-dbe1087 elementor-widget__width-initial elementor-invisible elementor-widget elementor-widget-text-editor\" data-id=\"dbe1087\" data-element_type=\"widget\" data-settings=\"{&quot;_animation&quot;:&quot;fadeInDown&quot;}\" data-widget_type=\"text-editor.default\">\n\t\t\t\t\t\t\t\t\t<p>It is essential to inform us at the time of booking if the passenger has a specific medical condition (e.g., epilepsy, heart conditions, etc.).\nThis allows us to anticipate needs, clarify travel conditions, and provide any required forms.<\/p>\t\t\t\t\t\t\t\t<\/div>\n\t\t\t\t<\/div>\n\t\t<div data-particle_enable=\"false\" data-particle-mobile-disabled=\"false\" class=\"elementor-element elementor-element-47f4664 e-con-full e-flex e-con e-child\" data-id=\"47f4664\" data-element_type=\"container\">\n\t\t\t\t<div class=\"elementor-element elementor-element-5a0b0b7 elementor-widget elementor-widget-heading\" data-id=\"5a0b0b7\" data-element_type=\"widget\" data-widget_type=\"heading.default\">\n\t\t\t\t\t<h2 class=\"elementor-heading-title elementor-size-default\">\u2022 Sporting and oversized equipment<\/h2>\t\t\t\t<\/div>\n\t\t\t\t<div class=\"elementor-element elementor-element-42b328b elementor-widget__width-initial elementor-invisible elementor-widget elementor-widget-text-editor\" data-id=\"42b328b\" data-element_type=\"widget\" data-settings=\"{&quot;_animation&quot;:&quot;fadeInDown&quot;}\" data-widget_type=\"text-editor.default\">\n\t\t\t\t\t\t\t\t\t<p>Surfboards, kitesurfing gear, and other large items can be transported on board, provided the request is made in advance when booking.\nA feasibility assessment will be carried out according to size, weight, and available aircraft capacity.<\/p>\t\t\t\t\t\t\t\t<\/div>\n\t\t\t\t<\/div>\n\t\t<div data-particle_enable=\"false\" data-particle-mobile-disabled=\"false\" class=\"elementor-element elementor-element-da07ea0 e-con-full e-flex e-con e-child\" data-id=\"da07ea0\" data-element_type=\"container\">\n\t\t\t\t<div class=\"elementor-element elementor-element-5b445ca elementor-widget elementor-widget-heading\" data-id=\"5b445ca\" data-element_type=\"widget\" data-widget_type=\"heading.default\">\n\t\t\t\t\t<h2 class=\"elementor-heading-title elementor-size-default\">\u2022 Biosecurity and transport of animals<\/h2>\t\t\t\t<\/div>\n\t\t\t\t<div class=\"elementor-element elementor-element-f533d8e elementor-widget__width-initial elementor-invisible elementor-widget elementor-widget-text-editor\" data-id=\"f533d8e\" data-element_type=\"widget\" data-settings=\"{&quot;_animation&quot;:&quot;fadeInDown&quot;}\" data-widget_type=\"text-editor.default\">\n\t\t\t\t\t\t\t\t\t<p>Biosecurity regulations in French Polynesia are strict in order to protect local flora and fauna.\nThe introduction or transport of plant and animal species between islands is subject to control.\nWe invite you to contact us directly to confirm what you may transport (plants, animals, fruits, flowers, etc.).<\/p>\t\t\t\t\t\t\t\t<\/div>\n\t\t\t\t<\/div>\n\t\t\t\t\t<\/div>\n\t\t\t\t<\/div>\n\t\t<div data-particle_enable=\"false\" data-particle-mobile-disabled=\"false\" data-dce-background-color=\"#F2F7F9\" class=\"elementor-element elementor-element-df590b2 e-flex e-con-boxed e-con e-parent\" data-id=\"df590b2\" data-element_type=\"container\" data-settings=\"{&quot;background_background&quot;:&quot;classic&quot;}\">\n\t\t\t\t\t<div class=\"e-con-inner\">\n\t\t\t\t<div class=\"elementor-element elementor-element-a75011f elementor-view-stacked elementor-shape-circle elementor-widget elementor-widget-icon\" data-id=\"a75011f\" data-element_type=\"widget\" data-widget_type=\"icon.default\">\n\t\t\t\t\t\t\t<div class=\"elementor-icon-wrapper\">\n\t\t\t<div class=\"elementor-icon\">\n\t\t\t<svg xmlns=\"http:\/\/www.w3.org\/2000\/svg\" width=\"55\" height=\"55\" viewbox=\"0 0 55 55\" fill=\"none\"><circle cx=\"27.5\" cy=\"27.5\" r=\"27.5\" fill=\"#04738C\"><\/circle><path d=\"M13.4325 25.6438C12.78 25.4263 12.7738 25.075 13.445 24.8513L37.305 16.9C37.9663 16.68 38.345 17.05 38.16 17.6975L31.3425 41.555C31.155 42.2163 30.7738 42.2388 30.4938 41.6113L26 31.5L33.5 21.5L23.5 29L13.4325 25.6438Z\" fill=\"white\"><\/path><\/svg>\t\t\t<\/div>\n\t\t<\/div>\n\t\t\t\t\t\t<\/div>\n\t\t\t\t<div class=\"elementor-element elementor-element-3d44428 elementor-invisible elementor-widget elementor-widget-heading\" data-id=\"3d44428\" data-element_type=\"widget\" data-settings=\"{&quot;_animation&quot;:&quot;fadeInDown&quot;}\" data-widget_type=\"heading.default\">\n\t\t\t\t\t<h2 class=\"elementor-heading-title elementor-size-default\">Preparing for your trip<\/h2>\t\t\t\t<\/div>\n\t\t\t\t<div data-dce-text-color=\"#04738C\" class=\"elementor-element elementor-element-9c6d4e0 elementor-widget__width-initial elementor-invisible elementor-widget elementor-widget-text-editor\" data-id=\"9c6d4e0\" data-element_type=\"widget\" data-settings=\"{&quot;_animation&quot;:&quot;fadeInDown&quot;}\" data-widget_type=\"text-editor.default\">\n\t\t\t\t\t\t\t\t\t<p>Before your departure, please consult our passenger documents. They contain all the information you need to ensure a smooth and worry-free journey.<\/p>\t\t\t\t\t\t\t\t<\/div>\n\t\t<div data-particle_enable=\"false\" data-particle-mobile-disabled=\"false\" class=\"elementor-element elementor-element-537a876 e-con-full e-flex e-con e-child\" data-id=\"537a876\" data-element_type=\"container\">\n\t\t\t\t<div class=\"elementor-element elementor-element-5f77463 elementor-widget elementor-widget-button\" data-id=\"5f77463\" data-element_type=\"widget\" data-widget_type=\"button.default\">\n\t\t\t\t\t\t\t\t\t\t<a class=\"elementor-button elementor-button-link elementor-size-sm\" href=\"https:\/\/www.airtetiaroa.com\/wp-content\/uploads\/2025\/11\/INFO-PAX-BRANDO-FRANCAIS.pdf\" target=\"_blank\">\n\t\t\t\t\t\t<span class=\"elementor-button-content-wrapper\">\n\t\t\t\t\t\t<span class=\"elementor-button-icon\">\n\t\t\t\t<svg xmlns=\"http:\/\/www.w3.org\/2000\/svg\" width=\"20\" height=\"20\" viewbox=\"0 0 20 20\" fill=\"none\"><path d=\"M19.31 12.051C19.691 12.051 20 12.365 20 12.751V17.669C19.994 18.339 19.873 18.869 19.601 19.263C19.273 19.739 18.693 19.955 17.854 20L1.95102 19.998C1.30502 19.952 0.78302 19.696 0.444021 19.221C0.142021 18.798 -0.00197946 18.271 2.05441e-05 17.663V12.75C2.05441e-05 12.364 0.309021 12.05 0.690021 12.05C1.07102 12.05 1.37802 12.364 1.37802 12.75V17.663C1.37802 17.996 1.44302 18.235 1.56002 18.399C1.64102 18.513 1.78402 18.583 2.00002 18.6L17.817 18.601C18.237 18.578 18.444 18.501 18.472 18.461C18.556 18.338 18.618 18.068 18.622 17.661V12.75C18.622 12.364 18.93 12.05 19.311 12.05M9.99002 0C10.37 0 10.68 0.313 10.68 0.7L10.679 11.569L13.741 8.49C13.8047 8.42509 13.8807 8.37361 13.9645 8.33858C14.0484 8.30355 14.1385 8.2857 14.2294 8.28607C14.3203 8.28644 14.4102 8.30504 14.4938 8.34075C14.5773 8.37646 14.6529 8.42857 14.716 8.494C14.8451 8.62669 14.917 8.80471 14.9162 8.98982C14.9155 9.17492 14.8422 9.35236 14.712 9.484L10.356 13.864C10.2925 13.9287 10.2167 13.98 10.133 14.0149C10.0493 14.0498 9.95955 14.0677 9.86889 14.0674C9.77823 14.0671 9.68855 14.0487 9.60511 14.0133C9.52167 13.9778 9.44616 13.9261 9.38302 13.861L5.08702 9.481C4.95769 9.34857 4.88545 9.1707 4.88582 8.98559C4.88619 8.80048 4.95915 8.62291 5.08902 8.491C5.15252 8.42596 5.22842 8.37432 5.31223 8.33912C5.39603 8.30392 5.48605 8.28588 5.57694 8.28607C5.66784 8.28626 5.75778 8.30467 5.84144 8.34021C5.9251 8.37575 6.00078 8.4277 6.06402 8.493L9.30002 11.794V0.699C9.30002 0.313 9.61002 0 9.99002 0Z\" fill=\"#04738C\"><\/path><\/svg>\t\t\t<\/span>\n\t\t\t\t\t\t\t\t\t<span class=\"elementor-button-text\">THE BRANDO PASSENGER<\/span>\n\t\t\t\t\t<\/span>\n\t\t\t\t\t<\/a>\n\t\t\t\t\t\t\t\t<\/div>\n\t\t\t\t<div class=\"elementor-element elementor-element-8a0433a elementor-widget elementor-widget-button\" data-id=\"8a0433a\" data-element_type=\"widget\" data-widget_type=\"button.default\">\n\t\t\t\t\t\t\t\t\t\t<a class=\"elementor-button elementor-button-link elementor-size-sm\" href=\"https:\/\/www.airtetiaroa.com\/wp-content\/uploads\/2025\/11\/INFO-PAX-CHARTER-FRANCAIS.pdf\" target=\"_blank\">\n\t\t\t\t\t\t<span class=\"elementor-button-content-wrapper\">\n\t\t\t\t\t\t<span class=\"elementor-button-icon\">\n\t\t\t\t<svg xmlns=\"http:\/\/www.w3.org\/2000\/svg\" width=\"20\" height=\"20\" viewbox=\"0 0 20 20\" fill=\"none\"><path d=\"M19.31 12.051C19.691 12.051 20 12.365 20 12.751V17.669C19.994 18.339 19.873 18.869 19.601 19.263C19.273 19.739 18.693 19.955 17.854 20L1.95102 19.998C1.30502 19.952 0.78302 19.696 0.444021 19.221C0.142021 18.798 -0.00197946 18.271 2.05441e-05 17.663V12.75C2.05441e-05 12.364 0.309021 12.05 0.690021 12.05C1.07102 12.05 1.37802 12.364 1.37802 12.75V17.663C1.37802 17.996 1.44302 18.235 1.56002 18.399C1.64102 18.513 1.78402 18.583 2.00002 18.6L17.817 18.601C18.237 18.578 18.444 18.501 18.472 18.461C18.556 18.338 18.618 18.068 18.622 17.661V12.75C18.622 12.364 18.93 12.05 19.311 12.05M9.99002 0C10.37 0 10.68 0.313 10.68 0.7L10.679 11.569L13.741 8.49C13.8047 8.42509 13.8807 8.37361 13.9645 8.33858C14.0484 8.30355 14.1385 8.2857 14.2294 8.28607C14.3203 8.28644 14.4102 8.30504 14.4938 8.34075C14.5773 8.37646 14.6529 8.42857 14.716 8.494C14.8451 8.62669 14.917 8.80471 14.9162 8.98982C14.9155 9.17492 14.8422 9.35236 14.712 9.484L10.356 13.864C10.2925 13.9287 10.2167 13.98 10.133 14.0149C10.0493 14.0498 9.95955 14.0677 9.86889 14.0674C9.77823 14.0671 9.68855 14.0487 9.60511 14.0133C9.52167 13.9778 9.44616 13.9261 9.38302 13.861L5.08702 9.481C4.95769 9.34857 4.88545 9.1707 4.88582 8.98559C4.88619 8.80048 4.95915 8.62291 5.08902 8.491C5.15252 8.42596 5.22842 8.37432 5.31223 8.33912C5.39603 8.30392 5.48605 8.28588 5.57694 8.28607C5.66784 8.28626 5.75778 8.30467 5.84144 8.34021C5.9251 8.37575 6.00078 8.4277 6.06402 8.493L9.30002 11.794V0.699C9.30002 0.313 9.61002 0 9.99002 0Z\" fill=\"#04738C\"><\/path><\/svg>\t\t\t<\/span>\n\t\t\t\t\t\t\t\t\t<span class=\"elementor-button-text\">CHARTER PASSENGER<\/span>\n\t\t\t\t\t<\/span>\n\t\t\t\t\t<\/a>\n\t\t\t\t\t\t\t\t<\/div>\n\t\t\t\t<\/div>\n\t\t\t\t\t<\/div>\n\t\t\t\t<\/div>\n\t\t\t\t<\/div>","protected":false},"excerpt":{"rendered":"<p>Situations et conditions particuli\u00e8res Certaines situations demandent une attention particuli\u00e8re. Cette page rassemble les principales informations \u00e0 conna\u00eetre pour garantir votre s\u00e9curit\u00e9 et votre confort \u00e0 bord. \u2022 PERSONNE \u00c0 MOBILIT\u00c9 R\u00c9DUITE (PMR) Nos appareils ne disposent pas de personnel navigant commercial \u00e0 bord. Aucune assistance n\u2019est donc possible pendant nos vols pour les personnes [&hellip;]<\/p>\n","protected":false},"author":1,"featured_media":0,"parent":0,"menu_order":0,"comment_status":"closed","ping_status":"closed","template":"","meta":{"_acf_changed":false,"footnotes":""},"class_list":["post-31","page","type-page","status-publish","hentry"],"acf":[],"yoast_head":"<!-- This site is optimized with the Yoast SEO plugin v26.7 - https:\/\/yoast.com\/wordpress\/plugins\/seo\/ -->\n<title>Situations particuli\u00e8res - Air Tetiaroa<\/title>\n<meta name=\"robots\" content=\"index, follow, max-snippet:-1, max-image-preview:large, max-video-preview:-1\" \/>\n<link rel=\"canonical\" href=\"https:\/\/www.airtetiaroa.com\/en\/situations-particulieres\/\" \/>\n<meta property=\"og:locale\" content=\"en_US\" \/>\n<meta property=\"og:type\" content=\"article\" \/>\n<meta property=\"og:title\" content=\"Situations particuli\u00e8res - Air Tetiaroa\" \/>\n<meta property=\"og:description\" content=\"Situations et conditions particuli\u00e8res Certaines situations demandent une attention particuli\u00e8re. Cette page rassemble les principales informations \u00e0 conna\u00eetre pour garantir votre s\u00e9curit\u00e9 et votre confort \u00e0 bord. \u2022 PERSONNE \u00c0 MOBILIT\u00c9 R\u00c9DUITE (PMR) Nos appareils ne disposent pas de personnel navigant commercial \u00e0 bord. Aucune assistance n\u2019est donc possible pendant nos vols pour les personnes [&hellip;]\" \/>\n<meta property=\"og:url\" content=\"https:\/\/www.airtetiaroa.com\/en\/situations-particulieres\/\" \/>\n<meta property=\"og:site_name\" content=\"Air Tetiaroa\" \/>\n<meta property=\"article:modified_time\" content=\"2026-01-19T01:48:58+00:00\" \/>\n<meta name=\"twitter:card\" content=\"summary_large_image\" \/>\n<meta name=\"twitter:label1\" content=\"Est. reading time\" \/>\n\t<meta name=\"twitter:data1\" content=\"3 minutes\" \/>\n<script type=\"application\/ld+json\" class=\"yoast-schema-graph\">{\"@context\":\"https:\/\/schema.org\",\"@graph\":[{\"@type\":\"WebPage\",\"@id\":\"https:\/\/www.airtetiaroa.com\/situations-particulieres\/\",\"url\":\"https:\/\/www.airtetiaroa.com\/situations-particulieres\/\",\"name\":\"Situations particuli\u00e8res - Air Tetiaroa\",\"isPartOf\":{\"@id\":\"https:\/\/www.airtetiaroa.com\/#website\"},\"datePublished\":\"2025-11-13T10:43:47+00:00\",\"dateModified\":\"2026-01-19T01:48:58+00:00\",\"breadcrumb\":{\"@id\":\"https:\/\/www.airtetiaroa.com\/situations-particulieres\/#breadcrumb\"},\"inLanguage\":\"en-US\",\"potentialAction\":[{\"@type\":\"ReadAction\",\"target\":[\"https:\/\/www.airtetiaroa.com\/situations-particulieres\/\"]}]},{\"@type\":\"BreadcrumbList\",\"@id\":\"https:\/\/www.airtetiaroa.com\/situations-particulieres\/#breadcrumb\",\"itemListElement\":[{\"@type\":\"ListItem\",\"position\":1,\"name\":\"Home\",\"item\":\"https:\/\/www.airtetiaroa.com\/\"},{\"@type\":\"ListItem\",\"position\":2,\"name\":\"Situations particuli\u00e8res\"}]},{\"@type\":\"WebSite\",\"@id\":\"https:\/\/www.airtetiaroa.com\/#website\",\"url\":\"https:\/\/www.airtetiaroa.com\/\",\"name\":\"Air Tetiaroa\",\"description\":\"Vols \u00e0 la demande en Polyn\u00e9sie Fran\u00e7aise.\",\"publisher\":{\"@id\":\"https:\/\/www.airtetiaroa.com\/#organization\"},\"potentialAction\":[{\"@type\":\"SearchAction\",\"target\":{\"@type\":\"EntryPoint\",\"urlTemplate\":\"https:\/\/www.airtetiaroa.com\/?s={search_term_string}\"},\"query-input\":{\"@type\":\"PropertyValueSpecification\",\"valueRequired\":true,\"valueName\":\"search_term_string\"}}],\"inLanguage\":\"en-US\"},{\"@type\":\"Organization\",\"@id\":\"https:\/\/www.airtetiaroa.com\/#organization\",\"name\":\"Air Tetiaroa\",\"url\":\"https:\/\/www.airtetiaroa.com\/\",\"logo\":{\"@type\":\"ImageObject\",\"inLanguage\":\"en-US\",\"@id\":\"https:\/\/www.airtetiaroa.com\/#\/schema\/logo\/image\/\",\"url\":\"https:\/\/www.airtetiaroa.com\/wp-content\/uploads\/2025\/11\/logo-airtetiaroa-scaled.png\",\"contentUrl\":\"https:\/\/www.airtetiaroa.com\/wp-content\/uploads\/2025\/11\/logo-airtetiaroa-scaled.png\",\"width\":2560,\"height\":437,\"caption\":\"Air Tetiaroa\"},\"image\":{\"@id\":\"https:\/\/www.airtetiaroa.com\/#\/schema\/logo\/image\/\"}}]}<\/script>\n<!-- \/ Yoast SEO plugin. -->","yoast_head_json":{"title":"Situations particuli\u00e8res - Air Tetiaroa","robots":{"index":"index","follow":"follow","max-snippet":"max-snippet:-1","max-image-preview":"max-image-preview:large","max-video-preview":"max-video-preview:-1"},"canonical":"https:\/\/www.airtetiaroa.com\/en\/situations-particulieres\/","og_locale":"en_US","og_type":"article","og_title":"Situations particuli\u00e8res - Air Tetiaroa","og_description":"Situations et conditions particuli\u00e8res Certaines situations demandent une attention particuli\u00e8re. Cette page rassemble les principales informations \u00e0 conna\u00eetre pour garantir votre s\u00e9curit\u00e9 et votre confort \u00e0 bord. \u2022 PERSONNE \u00c0 MOBILIT\u00c9 R\u00c9DUITE (PMR) Nos appareils ne disposent pas de personnel navigant commercial \u00e0 bord. Aucune assistance n\u2019est donc possible pendant nos vols pour les personnes [&hellip;]","og_url":"https:\/\/www.airtetiaroa.com\/en\/situations-particulieres\/","og_site_name":"Air Tetiaroa","article_modified_time":"2026-01-19T01:48:58+00:00","twitter_card":"summary_large_image","twitter_misc":{"Est. reading time":"3 minutes"},"schema":{"@context":"https:\/\/schema.org","@graph":[{"@type":"WebPage","@id":"https:\/\/www.airtetiaroa.com\/situations-particulieres\/","url":"https:\/\/www.airtetiaroa.com\/situations-particulieres\/","name":"Situations particuli\u00e8res - Air Tetiaroa","isPartOf":{"@id":"https:\/\/www.airtetiaroa.com\/#website"},"datePublished":"2025-11-13T10:43:47+00:00","dateModified":"2026-01-19T01:48:58+00:00","breadcrumb":{"@id":"https:\/\/www.airtetiaroa.com\/situations-particulieres\/#breadcrumb"},"inLanguage":"en-US","potentialAction":[{"@type":"ReadAction","target":["https:\/\/www.airtetiaroa.com\/situations-particulieres\/"]}]},{"@type":"BreadcrumbList","@id":"https:\/\/www.airtetiaroa.com\/situations-particulieres\/#breadcrumb","itemListElement":[{"@type":"ListItem","position":1,"name":"Home","item":"https:\/\/www.airtetiaroa.com\/"},{"@type":"ListItem","position":2,"name":"Situations particuli\u00e8res"}]},{"@type":"WebSite","@id":"https:\/\/www.airtetiaroa.com\/#website","url":"https:\/\/www.airtetiaroa.com\/","name":"Air Tetiaroa","description":"On-demand flights in French Polynesia.","publisher":{"@id":"https:\/\/www.airtetiaroa.com\/#organization"},"potentialAction":[{"@type":"SearchAction","target":{"@type":"EntryPoint","urlTemplate":"https:\/\/www.airtetiaroa.com\/?s={search_term_string}"},"query-input":{"@type":"PropertyValueSpecification","valueRequired":true,"valueName":"search_term_string"}}],"inLanguage":"en-US"},{"@type":"Organization","@id":"https:\/\/www.airtetiaroa.com\/#organization","name":"Air Tetiaroa","url":"https:\/\/www.airtetiaroa.com\/","logo":{"@type":"ImageObject","inLanguage":"en-US","@id":"https:\/\/www.airtetiaroa.com\/#\/schema\/logo\/image\/","url":"https:\/\/www.airtetiaroa.com\/wp-content\/uploads\/2025\/11\/logo-airtetiaroa-scaled.png","contentUrl":"https:\/\/www.airtetiaroa.com\/wp-content\/uploads\/2025\/11\/logo-airtetiaroa-scaled.png","width":2560,"height":437,"caption":"Air Tetiaroa"},"image":{"@id":"https:\/\/www.airtetiaroa.com\/#\/schema\/logo\/image\/"}}]}},"_links":{"self":[{"href":"https:\/\/www.airtetiaroa.com\/en\/wp-json\/wp\/v2\/pages\/31","targetHints":{"allow":["GET"]}}],"collection":[{"href":"https:\/\/www.airtetiaroa.com\/en\/wp-json\/wp\/v2\/pages"}],"about":[{"href":"https:\/\/www.airtetiaroa.com\/en\/wp-json\/wp\/v2\/types\/page"}],"author":[{"embeddable":true,"href":"https:\/\/www.airtetiaroa.com\/en\/wp-json\/wp\/v2\/users\/1"}],"replies":[{"embeddable":true,"href":"https:\/\/www.airtetiaroa.com\/en\/wp-json\/wp\/v2\/comments?post=31"}],"version-history":[{"count":70,"href":"https:\/\/www.airtetiaroa.com\/en\/wp-json\/wp\/v2\/pages\/31\/revisions"}],"predecessor-version":[{"id":1906,"href":"https:\/\/www.airtetiaroa.com\/en\/wp-json\/wp\/v2\/pages\/31\/revisions\/1906"}],"wp:attachment":[{"href":"https:\/\/www.airtetiaroa.com\/en\/wp-json\/wp\/v2\/media?parent=31"}],"curies":[{"name":"wp","href":"https:\/\/api.w.org\/{rel}","templated":true}]}}