{"id":138,"date":"2025-11-13T02:20:40","date_gmt":"2025-11-13T12:20:40","guid":{"rendered":"https:\/\/demo.airtetiaroa.com\/?page_id=138"},"modified":"2026-02-18T15:10:42","modified_gmt":"2026-02-19T01:10:42","slug":"politique-de-confidentialite","status":"publish","type":"page","link":"https:\/\/www.airtetiaroa.com\/en\/politique-de-confidentialite\/","title":{"rendered":"Privacy policy"},"content":{"rendered":"<div data-elementor-type=\"wp-page\" data-elementor-id=\"138\" class=\"elementor elementor-138\" data-elementor-post-type=\"page\">\n\t\t\t\t<div data-particle_enable=\"false\" data-particle-mobile-disabled=\"false\" class=\"elementor-element elementor-element-d627923 e-flex e-con-boxed e-con e-parent\" data-id=\"d627923\" data-element_type=\"container\" data-settings=\"{&quot;background_background&quot;:&quot;classic&quot;}\">\n\t\t\t\t\t<div class=\"e-con-inner\">\n\t\t\t\t<div class=\"elementor-element elementor-element-b48c924 elementor-widget-divider--view-line elementor-widget elementor-widget-divider\" data-id=\"b48c924\" data-element_type=\"widget\" data-widget_type=\"divider.default\">\n\t\t\t\t\t\t\t<div class=\"elementor-divider\">\n\t\t\t<span class=\"elementor-divider-separator\">\n\t\t\t\t\t\t<\/span>\n\t\t<\/div>\n\t\t\t\t\t\t<\/div>\n\t\t\t\t\t<\/div>\n\t\t\t\t<\/div>\n\t\t<div data-particle_enable=\"false\" data-particle-mobile-disabled=\"false\" class=\"elementor-element elementor-element-8500e4e e-flex e-con-boxed e-con e-parent\" data-id=\"8500e4e\" data-element_type=\"container\">\n\t\t\t\t\t<div class=\"e-con-inner\">\n\t\t\t\t<div class=\"elementor-element elementor-element-9a2df4b elementor-widget elementor-widget-text-editor\" data-id=\"9a2df4b\" data-element_type=\"widget\" data-widget_type=\"text-editor.default\">\n\t\t\t\t\t\t\t\t\t<p><span style=\"color: #04738c;\"><strong>PR\u00c9AMBULE<\/strong><\/span><br \/>Le site internet \u00ab https:\/\/www.airtetiaroa.com\/ \u00bb (ci-apr\u00e8s le \u00ab Site \u00bb) est op\u00e9r\u00e9 par Air Tetiaroa (ou \u00ab nous \u00bb), dont le si\u00e8ge social se situe \u00e0 H\u00f4tel Intercontinental Tahiti Resort 98702 Faaa.<br \/>This policy (hereinafter \" Policy \") explains how we handle the information we collect about you (hereinafter \" your Information \") when you visit our site.<br \/>We attach great importance to the respect of private life and personal data of our users.<br \/>In order to maintain maximum protection of your personal data, our site, under the control of our Delegate to the Protection of Data (DPO), as well as the actors administrating (hosting service, computer service providers) to comply with the applicable legislation on personal data protection.<br \/>Our privacy policy has been drafted in accordance with the requirements with the French law and european level when applicable, in particular the Regulation (EU) 2016\/679 of the european Parliament and of the Council of 27 April 2016 (the \"general Regulation on data protection\" or \" RGPD \").<\/p><p><span style=\"color: #04738c;\"><b>STATUT DES LIENS<\/b><\/span><br \/>Les traitements d\u00e9crits dans cette Politique ne concernent que le Site \u00ab https:\/\/www.airtetiaroa.com\/ \u00bb et sur nos r\u00e9seaux sociaux tels que list\u00e9s ici : Instagram, Facebook, Linkedin Des liens externes d\u2019autres entit\u00e9s ou tiers peuvent \u00eatre pr\u00e9sents sur notre Site, \u00e0 des fins de partenariat. Vous pouvez vous r\u00e9f\u00e9rer aux politiques de confidentialit\u00e9 des autres entit\u00e9s ou tiers lorsque vous visitez leur site internet. Nous attirons votre attention sur le fait que nous ne sommes en aucun cas responsables de la Politique de confidentialit\u00e9 et du contenu des autres sites.<br \/>Purpose and categories of data collected<br \/>Le site \u00ab https:\/\/www.airtetiaroa.com\/ \u00bb est le site de la compagnie a\u00e9rienne Air Tetiaroa. Il permet aux internautes de mieux conna\u00eetre notre compagnie a\u00e9rienne, ses activit\u00e9s, ses produits et ses services. Le site permet aussi de vous rediriger vers une page web pour compl\u00e9ter un formulaire en pr\u00e9remplissant les dates, la destination et le nombre de personnes concern\u00e9es par le vol. Ce site ne permettant pas la r\u00e9servation, ni \u00e9tant pas un site marchand, il n\u2019existe ni conditions g\u00e9n\u00e9rales de vente ni mentions relatives \u00e0 la s\u00e9curit\u00e9 des modes de paiement.<br \/>We collect and process Data when you :<br \/>You navigate on the Site : in this case, we collect technical information and navigation, such as your IP address, which pages of the Site you visit via your device, and the time that you access.<br \/>You contact us to ask us questions or give us any feedback or suggestion via our forms \" Contact Us \", \" Request for information \", via our social networks or directly by mail : in this case, we will collect your identity data and contact data required to enable us to respond to your application) and any information that you voluntarily provide to us and that would be relevant to the treatment of your request.<\/p><p><span style=\"color: #04738c;\"><b>BASES L\u00c9GALES<\/b><\/span><br \/>The processing of your Data implemented for the purposes of responding to your requests via our contact form, our social networks or via email based on your prior consent.<br \/>The processing of your Data implemented for analysis of Site navigation and Site optimization is based on your consent.<br \/>We base the processing of your Data carried out for purposes of operation and security of the Site on our legitimate interest in ensuring its security and functionality.<br \/>The processing of your Data in the framework of the subscription to our Newsletter is based on your consent.<\/p><p><span style=\"color: #04738c;\"><b>DUR\u00c9ES DE CONSERVATION<\/b><\/span><br \/>When your Data are collected within the framework of complaints submitted through our contact form, they are kept for the time strictly necessary in processing such requests, and for up to 2 years.<br \/>Lorsque des cookies ou autres traceurs sont d\u00e9pos\u00e9s sur votre terminal, ils sont conserv\u00e9s pour les dur\u00e9es suivantes :<\/p><p><strong>TABLEAU A METTRE EN PLACE<\/strong><\/p><p>At the end of the retention periods specified above, we will delete your Data.<\/p><p><span style=\"color: #04738c;\"><strong>DESTINATAIRES<\/strong><\/span><br \/>In the framework of the provision of our services, your Data may be shared with :<br \/>Our service responsible for the management of the Site and the analysis of its attendance ;<br \/>Our computer service, technical support, management and maintenance of the Site ;<br \/>Our service providers analysis of the use of the Site and the provision of the cookies functionality and security ;<br \/>Our service provider hosting the Site.<br \/>Air Tetiaroa may need to disclose your Data to third parties in cases where such disclosure is authorized and required by law or a court ruling, or if this disclosure is necessary to ensure the protection and defence of its rights.<br \/>Outside of these cases, your Data will not be transferred or made accessible to any third party without your prior consent.<\/p><p><span style=\"color: #04738c;\"><b>TRANSFERT HORS UE<\/b><\/span><br \/>The Site is hosted by our service provider, OVH, based in France and is hosted in Canada. We also use the services of Matomo and WordPress to measure the audience, and the performance of the Site.<br \/>In these cases, your Data will be transferred to Canada. The transfer of these data is in agreement with the decision of adequacy in force which covers the processing of personal data.<br \/>Of sub-contracting agreements containing standard contractual clauses of the european Commission have been signed with our service providers to ensure treatment compliance with the applicable legal framework, in cases where the transfer does not comply with the previous legal framework specified.<\/p><p><span style=\"color: #04738c;\"><strong>S\u00c9CURIT\u00c9<\/strong><\/span><br \/>Our concern is to preserve the integrity and security of your personal data. Technology and security policies applied by ourselves and our technical service providers can use to protect your data against unauthorized access, alteration, unlawful or accidental destruction, and accidental loss of data. We are constantly improving our security procedures as technologies evolve in order to maintain a level of protection maximum. Our staff and our sub-contractors with access to personal data are subject to contractually to a duty of confidentiality.<\/p><p><span style=\"color: #04738c;\"><b>VOS DROITS<\/b><\/span><br \/>You have a right of access to data concerning you, or can request their erasure. You also have a right to object, for legitimate reasons, a right to withdraw your consent, a right of rectification, of portability, a right to the limitation of the processing of your data and a right to define guidelines regarding the fate of your Data after your death.<br \/>To exercise these rights or for any questions about the processing of your data, you can contact our Delegate to the Protection of Data (DPO) by email at dpo@pbsc.pf, or by post to FOD, Pacific Beachcomber SC, BP 6014, faa'a, Tahiti, French Polynesia.<br \/>In the case that we would not come to meet your requests in a way that satisfies you, you can also lodge a complaint with the CNIL (<a href=\"http:\/\/www.cnil.com\">www.cnil.com<\/a>)<\/p>\t\t\t\t\t\t\t\t<\/div>\n\t\t\t\t\t<\/div>\n\t\t\t\t<\/div>\n\t\t\t\t<\/div>","protected":false},"excerpt":{"rendered":"<p>PR\u00c9AMBULELe site internet \u00ab https:\/\/www.airtetiaroa.com\/ \u00bb (ci-apr\u00e8s le \u00ab Site \u00bb) est op\u00e9r\u00e9 par Air Tetiaroa (ou \u00ab nous \u00bb), dont le si\u00e8ge social se situe \u00e0 H\u00f4tel Intercontinental Tahiti Resort 98702 Faaa.La pr\u00e9sente politique (ci-apr\u00e8s la \u00ab Politique \u00bb) pr\u00e9sente la mani\u00e8re dont nous traitons les informations que nous recueillons \u00e0 votre sujet (ci-apr\u00e8s [&hellip;]<\/p>\n","protected":false},"author":1,"featured_media":0,"parent":0,"menu_order":0,"comment_status":"closed","ping_status":"closed","template":"","meta":{"_acf_changed":false,"footnotes":""},"class_list":["post-138","page","type-page","status-publish","hentry"],"acf":[],"yoast_head":"<!-- This site is optimized with the Yoast SEO plugin v26.7 - https:\/\/yoast.com\/wordpress\/plugins\/seo\/ -->\n<title>Politique de confidentialit\u00e9 - Air Tetiaroa<\/title>\n<meta name=\"robots\" content=\"index, follow, max-snippet:-1, max-image-preview:large, max-video-preview:-1\" \/>\n<link rel=\"canonical\" href=\"https:\/\/www.airtetiaroa.com\/en\/politique-de-confidentialite\/\" \/>\n<meta property=\"og:locale\" content=\"en_US\" \/>\n<meta property=\"og:type\" content=\"article\" \/>\n<meta property=\"og:title\" content=\"Politique de confidentialit\u00e9 - Air Tetiaroa\" \/>\n<meta property=\"og:description\" content=\"PR\u00c9AMBULELe site internet \u00ab https:\/\/www.airtetiaroa.com\/ \u00bb (ci-apr\u00e8s le \u00ab Site \u00bb) est op\u00e9r\u00e9 par Air Tetiaroa (ou \u00ab nous \u00bb), dont le si\u00e8ge social se situe \u00e0 H\u00f4tel Intercontinental Tahiti Resort 98702 Faaa.La pr\u00e9sente politique (ci-apr\u00e8s la \u00ab Politique \u00bb) pr\u00e9sente la mani\u00e8re dont nous traitons les informations que nous recueillons \u00e0 votre sujet (ci-apr\u00e8s [&hellip;]\" \/>\n<meta property=\"og:url\" content=\"https:\/\/www.airtetiaroa.com\/en\/politique-de-confidentialite\/\" \/>\n<meta property=\"og:site_name\" content=\"Air Tetiaroa\" \/>\n<meta property=\"article:modified_time\" content=\"2026-02-19T01:10:42+00:00\" \/>\n<meta name=\"twitter:card\" content=\"summary_large_image\" \/>\n<meta name=\"twitter:label1\" content=\"Est. reading time\" \/>\n\t<meta name=\"twitter:data1\" content=\"6 minutes\" \/>\n<script type=\"application\/ld+json\" class=\"yoast-schema-graph\">{\"@context\":\"https:\/\/schema.org\",\"@graph\":[{\"@type\":\"WebPage\",\"@id\":\"https:\/\/www.airtetiaroa.com\/politique-de-confidentialite\/\",\"url\":\"https:\/\/www.airtetiaroa.com\/politique-de-confidentialite\/\",\"name\":\"Politique de confidentialit\u00e9 - Air Tetiaroa\",\"isPartOf\":{\"@id\":\"https:\/\/www.airtetiaroa.com\/#website\"},\"datePublished\":\"2025-11-13T12:20:40+00:00\",\"dateModified\":\"2026-02-19T01:10:42+00:00\",\"breadcrumb\":{\"@id\":\"https:\/\/www.airtetiaroa.com\/politique-de-confidentialite\/#breadcrumb\"},\"inLanguage\":\"en-US\",\"potentialAction\":[{\"@type\":\"ReadAction\",\"target\":[\"https:\/\/www.airtetiaroa.com\/politique-de-confidentialite\/\"]}]},{\"@type\":\"BreadcrumbList\",\"@id\":\"https:\/\/www.airtetiaroa.com\/politique-de-confidentialite\/#breadcrumb\",\"itemListElement\":[{\"@type\":\"ListItem\",\"position\":1,\"name\":\"Home\",\"item\":\"https:\/\/www.airtetiaroa.com\/\"},{\"@type\":\"ListItem\",\"position\":2,\"name\":\"Politique de confidentialit\u00e9\"}]},{\"@type\":\"WebSite\",\"@id\":\"https:\/\/www.airtetiaroa.com\/#website\",\"url\":\"https:\/\/www.airtetiaroa.com\/\",\"name\":\"Air Tetiaroa\",\"description\":\"Vols \u00e0 la demande en Polyn\u00e9sie Fran\u00e7aise.\",\"publisher\":{\"@id\":\"https:\/\/www.airtetiaroa.com\/#organization\"},\"potentialAction\":[{\"@type\":\"SearchAction\",\"target\":{\"@type\":\"EntryPoint\",\"urlTemplate\":\"https:\/\/www.airtetiaroa.com\/?s={search_term_string}\"},\"query-input\":{\"@type\":\"PropertyValueSpecification\",\"valueRequired\":true,\"valueName\":\"search_term_string\"}}],\"inLanguage\":\"en-US\"},{\"@type\":\"Organization\",\"@id\":\"https:\/\/www.airtetiaroa.com\/#organization\",\"name\":\"Air Tetiaroa\",\"url\":\"https:\/\/www.airtetiaroa.com\/\",\"logo\":{\"@type\":\"ImageObject\",\"inLanguage\":\"en-US\",\"@id\":\"https:\/\/www.airtetiaroa.com\/#\/schema\/logo\/image\/\",\"url\":\"https:\/\/www.airtetiaroa.com\/wp-content\/uploads\/2025\/11\/logo-airtetiaroa-scaled.png\",\"contentUrl\":\"https:\/\/www.airtetiaroa.com\/wp-content\/uploads\/2025\/11\/logo-airtetiaroa-scaled.png\",\"width\":2560,\"height\":437,\"caption\":\"Air Tetiaroa\"},\"image\":{\"@id\":\"https:\/\/www.airtetiaroa.com\/#\/schema\/logo\/image\/\"}}]}<\/script>\n<!-- \/ Yoast SEO plugin. -->","yoast_head_json":{"title":"Politique de confidentialit\u00e9 - Air Tetiaroa","robots":{"index":"index","follow":"follow","max-snippet":"max-snippet:-1","max-image-preview":"max-image-preview:large","max-video-preview":"max-video-preview:-1"},"canonical":"https:\/\/www.airtetiaroa.com\/en\/politique-de-confidentialite\/","og_locale":"en_US","og_type":"article","og_title":"Politique de confidentialit\u00e9 - Air Tetiaroa","og_description":"PR\u00c9AMBULELe site internet \u00ab https:\/\/www.airtetiaroa.com\/ \u00bb (ci-apr\u00e8s le \u00ab Site \u00bb) est op\u00e9r\u00e9 par Air Tetiaroa (ou \u00ab nous \u00bb), dont le si\u00e8ge social se situe \u00e0 H\u00f4tel Intercontinental Tahiti Resort 98702 Faaa.La pr\u00e9sente politique (ci-apr\u00e8s la \u00ab Politique \u00bb) pr\u00e9sente la mani\u00e8re dont nous traitons les informations que nous recueillons \u00e0 votre sujet (ci-apr\u00e8s [&hellip;]","og_url":"https:\/\/www.airtetiaroa.com\/en\/politique-de-confidentialite\/","og_site_name":"Air Tetiaroa","article_modified_time":"2026-02-19T01:10:42+00:00","twitter_card":"summary_large_image","twitter_misc":{"Est. reading time":"6 minutes"},"schema":{"@context":"https:\/\/schema.org","@graph":[{"@type":"WebPage","@id":"https:\/\/www.airtetiaroa.com\/politique-de-confidentialite\/","url":"https:\/\/www.airtetiaroa.com\/politique-de-confidentialite\/","name":"Politique de confidentialit\u00e9 - Air Tetiaroa","isPartOf":{"@id":"https:\/\/www.airtetiaroa.com\/#website"},"datePublished":"2025-11-13T12:20:40+00:00","dateModified":"2026-02-19T01:10:42+00:00","breadcrumb":{"@id":"https:\/\/www.airtetiaroa.com\/politique-de-confidentialite\/#breadcrumb"},"inLanguage":"en-US","potentialAction":[{"@type":"ReadAction","target":["https:\/\/www.airtetiaroa.com\/politique-de-confidentialite\/"]}]},{"@type":"BreadcrumbList","@id":"https:\/\/www.airtetiaroa.com\/politique-de-confidentialite\/#breadcrumb","itemListElement":[{"@type":"ListItem","position":1,"name":"Home","item":"https:\/\/www.airtetiaroa.com\/"},{"@type":"ListItem","position":2,"name":"Politique de confidentialit\u00e9"}]},{"@type":"WebSite","@id":"https:\/\/www.airtetiaroa.com\/#website","url":"https:\/\/www.airtetiaroa.com\/","name":"Air Tetiaroa","description":"On-demand flights in French Polynesia.","publisher":{"@id":"https:\/\/www.airtetiaroa.com\/#organization"},"potentialAction":[{"@type":"SearchAction","target":{"@type":"EntryPoint","urlTemplate":"https:\/\/www.airtetiaroa.com\/?s={search_term_string}"},"query-input":{"@type":"PropertyValueSpecification","valueRequired":true,"valueName":"search_term_string"}}],"inLanguage":"en-US"},{"@type":"Organization","@id":"https:\/\/www.airtetiaroa.com\/#organization","name":"Air Tetiaroa","url":"https:\/\/www.airtetiaroa.com\/","logo":{"@type":"ImageObject","inLanguage":"en-US","@id":"https:\/\/www.airtetiaroa.com\/#\/schema\/logo\/image\/","url":"https:\/\/www.airtetiaroa.com\/wp-content\/uploads\/2025\/11\/logo-airtetiaroa-scaled.png","contentUrl":"https:\/\/www.airtetiaroa.com\/wp-content\/uploads\/2025\/11\/logo-airtetiaroa-scaled.png","width":2560,"height":437,"caption":"Air Tetiaroa"},"image":{"@id":"https:\/\/www.airtetiaroa.com\/#\/schema\/logo\/image\/"}}]}},"_links":{"self":[{"href":"https:\/\/www.airtetiaroa.com\/en\/wp-json\/wp\/v2\/pages\/138","targetHints":{"allow":["GET"]}}],"collection":[{"href":"https:\/\/www.airtetiaroa.com\/en\/wp-json\/wp\/v2\/pages"}],"about":[{"href":"https:\/\/www.airtetiaroa.com\/en\/wp-json\/wp\/v2\/types\/page"}],"author":[{"embeddable":true,"href":"https:\/\/www.airtetiaroa.com\/en\/wp-json\/wp\/v2\/users\/1"}],"replies":[{"embeddable":true,"href":"https:\/\/www.airtetiaroa.com\/en\/wp-json\/wp\/v2\/comments?post=138"}],"version-history":[{"count":25,"href":"https:\/\/www.airtetiaroa.com\/en\/wp-json\/wp\/v2\/pages\/138\/revisions"}],"predecessor-version":[{"id":2129,"href":"https:\/\/www.airtetiaroa.com\/en\/wp-json\/wp\/v2\/pages\/138\/revisions\/2129"}],"wp:attachment":[{"href":"https:\/\/www.airtetiaroa.com\/en\/wp-json\/wp\/v2\/media?parent=138"}],"curies":[{"name":"wp","href":"https:\/\/api.w.org\/{rel}","templated":true}]}}