{"id":136,"date":"2025-11-13T02:20:30","date_gmt":"2025-11-13T12:20:30","guid":{"rendered":"https:\/\/demo.airtetiaroa.com\/?page_id=136"},"modified":"2026-02-18T14:56:09","modified_gmt":"2026-02-19T00:56:09","slug":"conditions-generales-dutilisation","status":"publish","type":"page","link":"https:\/\/www.airtetiaroa.com\/en\/conditions-generales-dutilisation\/","title":{"rendered":"Terms of use"},"content":{"rendered":"<div data-elementor-type=\"wp-page\" data-elementor-id=\"136\" class=\"elementor elementor-136\" data-elementor-post-type=\"page\">\n\t\t\t\t<div data-particle_enable=\"false\" data-particle-mobile-disabled=\"false\" class=\"elementor-element elementor-element-925636a e-flex e-con-boxed e-con e-parent\" data-id=\"925636a\" data-element_type=\"container\" data-settings=\"{&quot;background_background&quot;:&quot;classic&quot;}\">\n\t\t\t\t\t<div class=\"e-con-inner\">\n\t\t\t\t<div class=\"elementor-element elementor-element-9946da2 elementor-widget-divider--view-line elementor-widget elementor-widget-divider\" data-id=\"9946da2\" data-element_type=\"widget\" data-widget_type=\"divider.default\">\n\t\t\t\t\t\t\t<div class=\"elementor-divider\">\n\t\t\t<span class=\"elementor-divider-separator\">\n\t\t\t\t\t\t<\/span>\n\t\t<\/div>\n\t\t\t\t\t\t<\/div>\n\t\t\t\t\t<\/div>\n\t\t\t\t<\/div>\n\t\t<div data-particle_enable=\"false\" data-particle-mobile-disabled=\"false\" class=\"elementor-element elementor-element-48946f5 e-flex e-con-boxed e-con e-parent\" data-id=\"48946f5\" data-element_type=\"container\">\n\t\t\t\t\t<div class=\"e-con-inner\">\n\t\t\t\t<div class=\"elementor-element elementor-element-e6d5fbc elementor-widget elementor-widget-text-editor\" data-id=\"e6d5fbc\" data-element_type=\"widget\" data-widget_type=\"text-editor.default\">\n\t\t\t\t\t\t\t\t\t<p><span style=\"color: #04738c;\"><b>OBJET DES CGU<br \/><\/b><\/span>These General terms and Conditions of Use are intended to regulate access and use of the website www.airtetiaroa.com<br \/>By browsing on the Site, the user accepts without limitation or qualification, these TERMS.<\/p><p><span style=\"color: #04738c;\"><b>ACC\u00c8S AU SITE<br \/><\/b><\/span>Access to the Site is open and free to any user with an internet connection.<br \/>Air Tetiaroa strives to ensure continued access, but does not guarantee the absence of interruptions, malfunctions or technical maintenance.<\/p><p><span style=\"color: #04738c;\"><b>CONTENUS DU SITE<br \/><\/b><\/span>The Site is designed to present the company Air Tetiaroa, services and news.<br \/>The information provided is for reference only.<br \/>Air Tetiaroa reserves the right to modify, update or delete any information, at any time and without notice.<\/p><p><span style=\"color: #04738c;\"><b>PROPRI\u00c9T\u00c9 INTELLECTUELLE<br \/><\/b><\/span>All elements of the Site (text, photographs, graphics, logo, icons, documents, the general structure) are protected by intellectual property law.<br \/>They are the exclusive property of Air Tetiaroa, unless otherwise stated.<br \/>Any reproduction, representation or use, in whole or in part, without prior written permission is prohibited.<\/p><p><span style=\"color: #04738c;\"><b>UTILISATION DU SITE<br \/><\/b><\/span>The user undertakes to :<\/p><ul><li>not to interfere with the proper working of the Site ;<\/li><li>not to access or attempt to access unauthorized areas ;<\/li><li>do not use the Site for any purpose that is unlawful or contrary to the laws in force in French Polynesia.<\/li><li>Air Tetiaroa reserves the right to suspend or prohibit access to the Site to any user whose conduct would impair its proper operation.<\/li><\/ul><p><b style=\"color: #04738c;\"><br \/>FORMULAIRE ET DONN\u00c9ES PERSONNELLES<br \/><\/b>Using the contact form or request for a quote, the user agrees to provide information necessary to process the request.<br \/>The data are processed exclusively by Air Tetiaroa and are not transmitted to unauthorized third parties.<br \/>The user has a right of access, rectification and deletion, in accordance with the law \" Informatique &amp; Libert\u00e9s and the RGPD.<br \/>Contact : ldarcy@pbsc.pf<br \/>The privacy policy is detailed in the dedicated section of the Site.<\/p><p><b><span style=\"color: #04738c;\">COOKIES<\/span><\/b><br \/>The web Site may use technical cookies are essential to its functioning, as well as cookies statistics.<br \/>The user can disable non-essential cookies via the settings of his browser.<br \/>Hypertext links<br \/>The Website may contain links to third-party sites.<br \/>Air Tetiaroa has no control over these sites and cannot be held responsible for their content or security.<\/p><p><b><span style=\"color: #04738c;\">RESPONSABILIT\u00c9<\/span><br \/><\/b>Air Tetiaroa can not be held responsible :<br \/>any interruption of the Site, whether voluntary or not ;<\/p><ul><li>the presence of bugs or errors ;<\/li><li>any damage related to the use of the Website or to a bad configuration of the user equipment ;<\/li><li>the content of third party sites accessible through link.<\/li><li>The user is solely responsible for its hardware, its connection and the protection of its data.<\/li><\/ul><p><b style=\"color: #04738c;\"><br \/>S\u00c9CURIT\u00c9<br \/><\/b>Air Tetiaroa implements the necessary measures to ensure the security of the Website and data protection.<br \/>However, the user is informed that no system is totally secure.<\/p><p><span style=\"color: #04738c;\"><b>MODIFICATION DES CGU<\/b><\/span><br \/>Air Tetiaroa may modify these terms at any time.<br \/>Users are invited to consult them regularly.<\/p><p><span style=\"color: #04738c;\"><b>DROIT APPLICABLE<\/b><\/span><br \/>These terms are governed by the law applicable in French Polynesia.<br \/>Any dispute relating to their interpretation or their use falls under the jurisdiction of the courts of Papeete.<\/p>\t\t\t\t\t\t\t\t<\/div>\n\t\t\t\t\t<\/div>\n\t\t\t\t<\/div>\n\t\t\t\t<\/div>","protected":false},"excerpt":{"rendered":"<p>OBJET DES CGULes pr\u00e9sentes Conditions G\u00e9n\u00e9rales d\u2019Utilisation ont pour objet d\u2019encadrer l\u2019acc\u00e8s et l\u2019utilisation du site internet www.airtetiaroa.comEn naviguant sur le Site, l\u2019utilisateur accepte sans r\u00e9serve les pr\u00e9sentes CGU. ACC\u00c8S AU SITEL\u2019acc\u00e8s au Site est gratuit et ouvert \u00e0 tout utilisateur disposant d\u2019une connexion internet.Air Tetiaroa s\u2019efforce d\u2019assurer un acc\u00e8s continu, mais ne garantit pas [&hellip;]<\/p>\n","protected":false},"author":1,"featured_media":0,"parent":0,"menu_order":0,"comment_status":"closed","ping_status":"closed","template":"","meta":{"_acf_changed":false,"footnotes":""},"class_list":["post-136","page","type-page","status-publish","hentry"],"acf":[],"yoast_head":"<!-- This site is optimized with the Yoast SEO plugin v26.7 - https:\/\/yoast.com\/wordpress\/plugins\/seo\/ -->\n<title>Conditions g\u00e9n\u00e9rales d\u2019utilisation - Air Tetiaroa<\/title>\n<meta name=\"robots\" content=\"index, follow, max-snippet:-1, max-image-preview:large, max-video-preview:-1\" \/>\n<link rel=\"canonical\" href=\"https:\/\/www.airtetiaroa.com\/en\/conditions-generales-dutilisation\/\" \/>\n<meta property=\"og:locale\" content=\"en_US\" \/>\n<meta property=\"og:type\" content=\"article\" \/>\n<meta property=\"og:title\" content=\"Conditions g\u00e9n\u00e9rales d\u2019utilisation - Air Tetiaroa\" \/>\n<meta property=\"og:description\" content=\"OBJET DES CGULes pr\u00e9sentes Conditions G\u00e9n\u00e9rales d\u2019Utilisation ont pour objet d\u2019encadrer l\u2019acc\u00e8s et l\u2019utilisation du site internet www.airtetiaroa.comEn naviguant sur le Site, l\u2019utilisateur accepte sans r\u00e9serve les pr\u00e9sentes CGU. ACC\u00c8S AU SITEL\u2019acc\u00e8s au Site est gratuit et ouvert \u00e0 tout utilisateur disposant d\u2019une connexion internet.Air Tetiaroa s\u2019efforce d\u2019assurer un acc\u00e8s continu, mais ne garantit pas [&hellip;]\" \/>\n<meta property=\"og:url\" content=\"https:\/\/www.airtetiaroa.com\/en\/conditions-generales-dutilisation\/\" \/>\n<meta property=\"og:site_name\" content=\"Air Tetiaroa\" \/>\n<meta property=\"article:modified_time\" content=\"2026-02-19T00:56:09+00:00\" \/>\n<meta name=\"twitter:card\" content=\"summary_large_image\" \/>\n<meta name=\"twitter:label1\" content=\"Est. reading time\" \/>\n\t<meta name=\"twitter:data1\" content=\"3 minutes\" \/>\n<script type=\"application\/ld+json\" class=\"yoast-schema-graph\">{\"@context\":\"https:\/\/schema.org\",\"@graph\":[{\"@type\":\"WebPage\",\"@id\":\"https:\/\/www.airtetiaroa.com\/conditions-generales-dutilisation\/\",\"url\":\"https:\/\/www.airtetiaroa.com\/conditions-generales-dutilisation\/\",\"name\":\"Conditions g\u00e9n\u00e9rales d\u2019utilisation - Air Tetiaroa\",\"isPartOf\":{\"@id\":\"https:\/\/www.airtetiaroa.com\/#website\"},\"datePublished\":\"2025-11-13T12:20:30+00:00\",\"dateModified\":\"2026-02-19T00:56:09+00:00\",\"breadcrumb\":{\"@id\":\"https:\/\/www.airtetiaroa.com\/conditions-generales-dutilisation\/#breadcrumb\"},\"inLanguage\":\"en-US\",\"potentialAction\":[{\"@type\":\"ReadAction\",\"target\":[\"https:\/\/www.airtetiaroa.com\/conditions-generales-dutilisation\/\"]}]},{\"@type\":\"BreadcrumbList\",\"@id\":\"https:\/\/www.airtetiaroa.com\/conditions-generales-dutilisation\/#breadcrumb\",\"itemListElement\":[{\"@type\":\"ListItem\",\"position\":1,\"name\":\"Home\",\"item\":\"https:\/\/www.airtetiaroa.com\/\"},{\"@type\":\"ListItem\",\"position\":2,\"name\":\"Conditions g\u00e9n\u00e9rales d\u2019utilisation\"}]},{\"@type\":\"WebSite\",\"@id\":\"https:\/\/www.airtetiaroa.com\/#website\",\"url\":\"https:\/\/www.airtetiaroa.com\/\",\"name\":\"Air Tetiaroa\",\"description\":\"Vols \u00e0 la demande en Polyn\u00e9sie Fran\u00e7aise.\",\"publisher\":{\"@id\":\"https:\/\/www.airtetiaroa.com\/#organization\"},\"potentialAction\":[{\"@type\":\"SearchAction\",\"target\":{\"@type\":\"EntryPoint\",\"urlTemplate\":\"https:\/\/www.airtetiaroa.com\/?s={search_term_string}\"},\"query-input\":{\"@type\":\"PropertyValueSpecification\",\"valueRequired\":true,\"valueName\":\"search_term_string\"}}],\"inLanguage\":\"en-US\"},{\"@type\":\"Organization\",\"@id\":\"https:\/\/www.airtetiaroa.com\/#organization\",\"name\":\"Air Tetiaroa\",\"url\":\"https:\/\/www.airtetiaroa.com\/\",\"logo\":{\"@type\":\"ImageObject\",\"inLanguage\":\"en-US\",\"@id\":\"https:\/\/www.airtetiaroa.com\/#\/schema\/logo\/image\/\",\"url\":\"https:\/\/www.airtetiaroa.com\/wp-content\/uploads\/2025\/11\/logo-airtetiaroa-scaled.png\",\"contentUrl\":\"https:\/\/www.airtetiaroa.com\/wp-content\/uploads\/2025\/11\/logo-airtetiaroa-scaled.png\",\"width\":2560,\"height\":437,\"caption\":\"Air Tetiaroa\"},\"image\":{\"@id\":\"https:\/\/www.airtetiaroa.com\/#\/schema\/logo\/image\/\"}}]}<\/script>\n<!-- \/ Yoast SEO plugin. -->","yoast_head_json":{"title":"Conditions g\u00e9n\u00e9rales d\u2019utilisation - Air Tetiaroa","robots":{"index":"index","follow":"follow","max-snippet":"max-snippet:-1","max-image-preview":"max-image-preview:large","max-video-preview":"max-video-preview:-1"},"canonical":"https:\/\/www.airtetiaroa.com\/en\/conditions-generales-dutilisation\/","og_locale":"en_US","og_type":"article","og_title":"Conditions g\u00e9n\u00e9rales d\u2019utilisation - Air Tetiaroa","og_description":"OBJET DES CGULes pr\u00e9sentes Conditions G\u00e9n\u00e9rales d\u2019Utilisation ont pour objet d\u2019encadrer l\u2019acc\u00e8s et l\u2019utilisation du site internet www.airtetiaroa.comEn naviguant sur le Site, l\u2019utilisateur accepte sans r\u00e9serve les pr\u00e9sentes CGU. ACC\u00c8S AU SITEL\u2019acc\u00e8s au Site est gratuit et ouvert \u00e0 tout utilisateur disposant d\u2019une connexion internet.Air Tetiaroa s\u2019efforce d\u2019assurer un acc\u00e8s continu, mais ne garantit pas [&hellip;]","og_url":"https:\/\/www.airtetiaroa.com\/en\/conditions-generales-dutilisation\/","og_site_name":"Air Tetiaroa","article_modified_time":"2026-02-19T00:56:09+00:00","twitter_card":"summary_large_image","twitter_misc":{"Est. reading time":"3 minutes"},"schema":{"@context":"https:\/\/schema.org","@graph":[{"@type":"WebPage","@id":"https:\/\/www.airtetiaroa.com\/conditions-generales-dutilisation\/","url":"https:\/\/www.airtetiaroa.com\/conditions-generales-dutilisation\/","name":"Conditions g\u00e9n\u00e9rales d\u2019utilisation - Air Tetiaroa","isPartOf":{"@id":"https:\/\/www.airtetiaroa.com\/#website"},"datePublished":"2025-11-13T12:20:30+00:00","dateModified":"2026-02-19T00:56:09+00:00","breadcrumb":{"@id":"https:\/\/www.airtetiaroa.com\/conditions-generales-dutilisation\/#breadcrumb"},"inLanguage":"en-US","potentialAction":[{"@type":"ReadAction","target":["https:\/\/www.airtetiaroa.com\/conditions-generales-dutilisation\/"]}]},{"@type":"BreadcrumbList","@id":"https:\/\/www.airtetiaroa.com\/conditions-generales-dutilisation\/#breadcrumb","itemListElement":[{"@type":"ListItem","position":1,"name":"Home","item":"https:\/\/www.airtetiaroa.com\/"},{"@type":"ListItem","position":2,"name":"Conditions g\u00e9n\u00e9rales d\u2019utilisation"}]},{"@type":"WebSite","@id":"https:\/\/www.airtetiaroa.com\/#website","url":"https:\/\/www.airtetiaroa.com\/","name":"Air Tetiaroa","description":"On-demand flights in French Polynesia.","publisher":{"@id":"https:\/\/www.airtetiaroa.com\/#organization"},"potentialAction":[{"@type":"SearchAction","target":{"@type":"EntryPoint","urlTemplate":"https:\/\/www.airtetiaroa.com\/?s={search_term_string}"},"query-input":{"@type":"PropertyValueSpecification","valueRequired":true,"valueName":"search_term_string"}}],"inLanguage":"en-US"},{"@type":"Organization","@id":"https:\/\/www.airtetiaroa.com\/#organization","name":"Air Tetiaroa","url":"https:\/\/www.airtetiaroa.com\/","logo":{"@type":"ImageObject","inLanguage":"en-US","@id":"https:\/\/www.airtetiaroa.com\/#\/schema\/logo\/image\/","url":"https:\/\/www.airtetiaroa.com\/wp-content\/uploads\/2025\/11\/logo-airtetiaroa-scaled.png","contentUrl":"https:\/\/www.airtetiaroa.com\/wp-content\/uploads\/2025\/11\/logo-airtetiaroa-scaled.png","width":2560,"height":437,"caption":"Air Tetiaroa"},"image":{"@id":"https:\/\/www.airtetiaroa.com\/#\/schema\/logo\/image\/"}}]}},"_links":{"self":[{"href":"https:\/\/www.airtetiaroa.com\/en\/wp-json\/wp\/v2\/pages\/136","targetHints":{"allow":["GET"]}}],"collection":[{"href":"https:\/\/www.airtetiaroa.com\/en\/wp-json\/wp\/v2\/pages"}],"about":[{"href":"https:\/\/www.airtetiaroa.com\/en\/wp-json\/wp\/v2\/types\/page"}],"author":[{"embeddable":true,"href":"https:\/\/www.airtetiaroa.com\/en\/wp-json\/wp\/v2\/users\/1"}],"replies":[{"embeddable":true,"href":"https:\/\/www.airtetiaroa.com\/en\/wp-json\/wp\/v2\/comments?post=136"}],"version-history":[{"count":25,"href":"https:\/\/www.airtetiaroa.com\/en\/wp-json\/wp\/v2\/pages\/136\/revisions"}],"predecessor-version":[{"id":2124,"href":"https:\/\/www.airtetiaroa.com\/en\/wp-json\/wp\/v2\/pages\/136\/revisions\/2124"}],"wp:attachment":[{"href":"https:\/\/www.airtetiaroa.com\/en\/wp-json\/wp\/v2\/media?parent=136"}],"curies":[{"name":"wp","href":"https:\/\/api.w.org\/{rel}","templated":true}]}}