{"id":134,"date":"2025-11-13T02:20:21","date_gmt":"2025-11-13T12:20:21","guid":{"rendered":"https:\/\/demo.airtetiaroa.com\/?page_id=134"},"modified":"2026-02-18T14:41:27","modified_gmt":"2026-02-19T00:41:27","slug":"mentions-legales","status":"publish","type":"page","link":"https:\/\/www.airtetiaroa.com\/en\/mentions-legales\/","title":{"rendered":"Legal notices"},"content":{"rendered":"<div data-elementor-type=\"wp-page\" data-elementor-id=\"134\" class=\"elementor elementor-134\" data-elementor-post-type=\"page\">\n\t\t\t\t<div data-particle_enable=\"false\" data-particle-mobile-disabled=\"false\" class=\"elementor-element elementor-element-2cc82b4 e-flex e-con-boxed e-con e-parent\" data-id=\"2cc82b4\" data-element_type=\"container\" data-settings=\"{&quot;background_background&quot;:&quot;classic&quot;}\">\n\t\t\t\t\t<div class=\"e-con-inner\">\n\t\t\t\t<div class=\"elementor-element elementor-element-d36e4fa elementor-widget-divider--view-line elementor-widget elementor-widget-divider\" data-id=\"d36e4fa\" data-element_type=\"widget\" data-widget_type=\"divider.default\">\n\t\t\t\t\t\t\t<div class=\"elementor-divider\">\n\t\t\t<span class=\"elementor-divider-separator\">\n\t\t\t\t\t\t<\/span>\n\t\t<\/div>\n\t\t\t\t\t\t<\/div>\n\t\t\t\t\t<\/div>\n\t\t\t\t<\/div>\n\t\t<div data-particle_enable=\"false\" data-particle-mobile-disabled=\"false\" class=\"elementor-element elementor-element-3f94e3b e-flex e-con-boxed e-con e-parent\" data-id=\"3f94e3b\" data-element_type=\"container\">\n\t\t\t\t\t<div class=\"e-con-inner\">\n\t\t\t\t<div class=\"elementor-element elementor-element-72ecf43 elementor-widget elementor-widget-text-editor\" data-id=\"72ecf43\" data-element_type=\"widget\" data-widget_type=\"text-editor.default\">\n\t\t\t\t\t\t\t\t\t<p><strong><span style=\"color: #04738c;\">\u00c9DITEUR<\/span><\/strong><\/p><ul><li>Air Tetiaroa \u2013 SAS<\/li><li>Hotel Intercontinental Tahiti Resort \u2013 BP 6014 \u2013 98702 Faaa, Tahiti<\/li><li>RCS Papeete : 09 320 B\u00a0<\/li><li>N\u00b0Tahiti : 926923<\/li><li>Publication director : Laurent Darcy<\/li><\/ul><p><strong><br \/><span style=\"color: #04738c;\">H\u00c9BERGEMENT<\/span><\/strong><\/p><ul><li>Hosting company : OVH SAS<\/li><li>2 rue Kellermann \u2013 59100 Roubaix \u2013 France<\/li><li><a href=\"https:\/\/www.ovhcloud.com\/fr\/web-hosting\/\">https:\/\/www.ovhcloud.com\/fr\/web-hosting\/<\/a><\/li><\/ul><p><strong><br \/><span style=\"color: #04738c;\">PROPRI\u00c9T\u00c9 INTELLECTUELLE<\/span><\/strong><\/p><p>The entire contents of the site is the exclusive property of Air Tetiaroa. Any reproduction or use without authorization is prohibited.<\/p><p><strong><br \/><span style=\"color: #04738c;\">DONN\u00c9ES PERSONNELLES<\/span><\/strong><\/p><p>Information submitted via the forms is only used to fulfill your request. Right of access, of rectification or of deletion : <a href=\"mailto:ldarcy@pbsc.pf\">ldarcy@pbsc.pf<\/a><\/p><p><strong><br \/><span style=\"color: #04738c;\">COOKIES<\/span><\/strong>\u00a0<\/p><p>The web site may use technical cookies, or statistics. You can manage your preferences in the settings of your browser.<\/p><p><strong><br \/><span style=\"color: #04738c;\">RESPONSABILIT\u00c9<\/span><\/strong><\/p><p>Air Tetiaroa cannot be held responsible for errors, omissions, downtime, or content of third party sites accessible through link.<\/p><p class=\"p1\"><strong><br \/><span style=\"color: #04738c;\">CR\u00c9DITS PHOTOS<\/span><\/strong><\/p><p>Les photographies utilis\u00e9es sur ce site proviennent des sources suivantes :<br \/>\u2022 \u00a9 Air Tetiaroa<br \/>\u2022 \u00a9 Tahiti Tourisme<br \/>\u2022 \u00a9 johan_drone_adventures<br \/>\u2022 \u00a9 ic_boraborathalasso<br \/>Toute reproduction, modification ou utilisation \u00e0 des fins commerciales est strictement interdite sans autorisation pr\u00e9alable des ayants droit.<\/p><p>Applicable law<\/p><p>Law in force in French Polynesia.<\/p><p>Jurisdiction : Papeete<\/p>\t\t\t\t\t\t\t\t<\/div>\n\t\t\t\t\t<\/div>\n\t\t\t\t<\/div>\n\t\t\t\t<\/div>","protected":false},"excerpt":{"rendered":"<p>\u00c9DITEUR Air Tetiaroa \u2013 SAS H\u00f4tel Intercontinental Tahiti Resort \u2013 BP 6014 \u2013 98702 Faaa \u2013 Tahiti RCS Papeete : 09 320 B\u00a0 N\u00b0Tahiti : 926923 Directeur de la publication : Laurent Darcy H\u00c9BERGEMENT H\u00e9berg\u00e9 par : OVH SAS 2 rue Kellermann \u2013 59100 Roubaix \u2013 France https:\/\/www.ovhcloud.com\/fr\/web-hosting\/ PROPRI\u00c9T\u00c9 INTELLECTUELLE L\u2019ensemble des contenus du site [&hellip;]<\/p>\n","protected":false},"author":1,"featured_media":0,"parent":0,"menu_order":0,"comment_status":"closed","ping_status":"closed","template":"","meta":{"_acf_changed":false,"footnotes":""},"class_list":["post-134","page","type-page","status-publish","hentry"],"acf":[],"yoast_head":"<!-- This site is optimized with the Yoast SEO plugin v26.7 - https:\/\/yoast.com\/wordpress\/plugins\/seo\/ -->\n<title>Mentions l\u00e9gales - Air Tetiaroa<\/title>\n<meta name=\"robots\" content=\"index, follow, max-snippet:-1, max-image-preview:large, max-video-preview:-1\" \/>\n<link rel=\"canonical\" href=\"https:\/\/www.airtetiaroa.com\/en\/mentions-legales\/\" \/>\n<meta property=\"og:locale\" content=\"en_US\" \/>\n<meta property=\"og:type\" content=\"article\" \/>\n<meta property=\"og:title\" content=\"Mentions l\u00e9gales - Air Tetiaroa\" \/>\n<meta property=\"og:description\" content=\"\u00c9DITEUR Air Tetiaroa \u2013 SAS H\u00f4tel Intercontinental Tahiti Resort \u2013 BP 6014 \u2013 98702 Faaa \u2013 Tahiti RCS Papeete : 09 320 B\u00a0 N\u00b0Tahiti : 926923 Directeur de la publication : Laurent Darcy H\u00c9BERGEMENT H\u00e9berg\u00e9 par : OVH SAS 2 rue Kellermann \u2013 59100 Roubaix \u2013 France https:\/\/www.ovhcloud.com\/fr\/web-hosting\/ PROPRI\u00c9T\u00c9 INTELLECTUELLE L\u2019ensemble des contenus du site [&hellip;]\" \/>\n<meta property=\"og:url\" content=\"https:\/\/www.airtetiaroa.com\/en\/mentions-legales\/\" \/>\n<meta property=\"og:site_name\" content=\"Air Tetiaroa\" \/>\n<meta property=\"article:modified_time\" content=\"2026-02-19T00:41:27+00:00\" \/>\n<meta name=\"twitter:card\" content=\"summary_large_image\" \/>\n<meta name=\"twitter:label1\" content=\"Est. reading time\" \/>\n\t<meta name=\"twitter:data1\" content=\"1 minute\" \/>\n<script type=\"application\/ld+json\" class=\"yoast-schema-graph\">{\"@context\":\"https:\/\/schema.org\",\"@graph\":[{\"@type\":\"WebPage\",\"@id\":\"https:\/\/www.airtetiaroa.com\/mentions-legales\/\",\"url\":\"https:\/\/www.airtetiaroa.com\/mentions-legales\/\",\"name\":\"Mentions l\u00e9gales - Air Tetiaroa\",\"isPartOf\":{\"@id\":\"https:\/\/www.airtetiaroa.com\/#website\"},\"datePublished\":\"2025-11-13T12:20:21+00:00\",\"dateModified\":\"2026-02-19T00:41:27+00:00\",\"breadcrumb\":{\"@id\":\"https:\/\/www.airtetiaroa.com\/mentions-legales\/#breadcrumb\"},\"inLanguage\":\"en-US\",\"potentialAction\":[{\"@type\":\"ReadAction\",\"target\":[\"https:\/\/www.airtetiaroa.com\/mentions-legales\/\"]}]},{\"@type\":\"BreadcrumbList\",\"@id\":\"https:\/\/www.airtetiaroa.com\/mentions-legales\/#breadcrumb\",\"itemListElement\":[{\"@type\":\"ListItem\",\"position\":1,\"name\":\"Home\",\"item\":\"https:\/\/www.airtetiaroa.com\/\"},{\"@type\":\"ListItem\",\"position\":2,\"name\":\"Mentions l\u00e9gales\"}]},{\"@type\":\"WebSite\",\"@id\":\"https:\/\/www.airtetiaroa.com\/#website\",\"url\":\"https:\/\/www.airtetiaroa.com\/\",\"name\":\"Air Tetiaroa\",\"description\":\"Vols \u00e0 la demande en Polyn\u00e9sie Fran\u00e7aise.\",\"publisher\":{\"@id\":\"https:\/\/www.airtetiaroa.com\/#organization\"},\"potentialAction\":[{\"@type\":\"SearchAction\",\"target\":{\"@type\":\"EntryPoint\",\"urlTemplate\":\"https:\/\/www.airtetiaroa.com\/?s={search_term_string}\"},\"query-input\":{\"@type\":\"PropertyValueSpecification\",\"valueRequired\":true,\"valueName\":\"search_term_string\"}}],\"inLanguage\":\"en-US\"},{\"@type\":\"Organization\",\"@id\":\"https:\/\/www.airtetiaroa.com\/#organization\",\"name\":\"Air Tetiaroa\",\"url\":\"https:\/\/www.airtetiaroa.com\/\",\"logo\":{\"@type\":\"ImageObject\",\"inLanguage\":\"en-US\",\"@id\":\"https:\/\/www.airtetiaroa.com\/#\/schema\/logo\/image\/\",\"url\":\"https:\/\/www.airtetiaroa.com\/wp-content\/uploads\/2025\/11\/logo-airtetiaroa-scaled.png\",\"contentUrl\":\"https:\/\/www.airtetiaroa.com\/wp-content\/uploads\/2025\/11\/logo-airtetiaroa-scaled.png\",\"width\":2560,\"height\":437,\"caption\":\"Air Tetiaroa\"},\"image\":{\"@id\":\"https:\/\/www.airtetiaroa.com\/#\/schema\/logo\/image\/\"}}]}<\/script>\n<!-- \/ Yoast SEO plugin. -->","yoast_head_json":{"title":"Mentions l\u00e9gales - Air Tetiaroa","robots":{"index":"index","follow":"follow","max-snippet":"max-snippet:-1","max-image-preview":"max-image-preview:large","max-video-preview":"max-video-preview:-1"},"canonical":"https:\/\/www.airtetiaroa.com\/en\/mentions-legales\/","og_locale":"en_US","og_type":"article","og_title":"Mentions l\u00e9gales - Air Tetiaroa","og_description":"\u00c9DITEUR Air Tetiaroa \u2013 SAS H\u00f4tel Intercontinental Tahiti Resort \u2013 BP 6014 \u2013 98702 Faaa \u2013 Tahiti RCS Papeete : 09 320 B\u00a0 N\u00b0Tahiti : 926923 Directeur de la publication : Laurent Darcy H\u00c9BERGEMENT H\u00e9berg\u00e9 par : OVH SAS 2 rue Kellermann \u2013 59100 Roubaix \u2013 France https:\/\/www.ovhcloud.com\/fr\/web-hosting\/ PROPRI\u00c9T\u00c9 INTELLECTUELLE L\u2019ensemble des contenus du site [&hellip;]","og_url":"https:\/\/www.airtetiaroa.com\/en\/mentions-legales\/","og_site_name":"Air Tetiaroa","article_modified_time":"2026-02-19T00:41:27+00:00","twitter_card":"summary_large_image","twitter_misc":{"Est. reading time":"1 minute"},"schema":{"@context":"https:\/\/schema.org","@graph":[{"@type":"WebPage","@id":"https:\/\/www.airtetiaroa.com\/mentions-legales\/","url":"https:\/\/www.airtetiaroa.com\/mentions-legales\/","name":"Mentions l\u00e9gales - Air Tetiaroa","isPartOf":{"@id":"https:\/\/www.airtetiaroa.com\/#website"},"datePublished":"2025-11-13T12:20:21+00:00","dateModified":"2026-02-19T00:41:27+00:00","breadcrumb":{"@id":"https:\/\/www.airtetiaroa.com\/mentions-legales\/#breadcrumb"},"inLanguage":"en-US","potentialAction":[{"@type":"ReadAction","target":["https:\/\/www.airtetiaroa.com\/mentions-legales\/"]}]},{"@type":"BreadcrumbList","@id":"https:\/\/www.airtetiaroa.com\/mentions-legales\/#breadcrumb","itemListElement":[{"@type":"ListItem","position":1,"name":"Home","item":"https:\/\/www.airtetiaroa.com\/"},{"@type":"ListItem","position":2,"name":"Mentions l\u00e9gales"}]},{"@type":"WebSite","@id":"https:\/\/www.airtetiaroa.com\/#website","url":"https:\/\/www.airtetiaroa.com\/","name":"Air Tetiaroa","description":"On-demand flights in French Polynesia.","publisher":{"@id":"https:\/\/www.airtetiaroa.com\/#organization"},"potentialAction":[{"@type":"SearchAction","target":{"@type":"EntryPoint","urlTemplate":"https:\/\/www.airtetiaroa.com\/?s={search_term_string}"},"query-input":{"@type":"PropertyValueSpecification","valueRequired":true,"valueName":"search_term_string"}}],"inLanguage":"en-US"},{"@type":"Organization","@id":"https:\/\/www.airtetiaroa.com\/#organization","name":"Air Tetiaroa","url":"https:\/\/www.airtetiaroa.com\/","logo":{"@type":"ImageObject","inLanguage":"en-US","@id":"https:\/\/www.airtetiaroa.com\/#\/schema\/logo\/image\/","url":"https:\/\/www.airtetiaroa.com\/wp-content\/uploads\/2025\/11\/logo-airtetiaroa-scaled.png","contentUrl":"https:\/\/www.airtetiaroa.com\/wp-content\/uploads\/2025\/11\/logo-airtetiaroa-scaled.png","width":2560,"height":437,"caption":"Air Tetiaroa"},"image":{"@id":"https:\/\/www.airtetiaroa.com\/#\/schema\/logo\/image\/"}}]}},"_links":{"self":[{"href":"https:\/\/www.airtetiaroa.com\/en\/wp-json\/wp\/v2\/pages\/134","targetHints":{"allow":["GET"]}}],"collection":[{"href":"https:\/\/www.airtetiaroa.com\/en\/wp-json\/wp\/v2\/pages"}],"about":[{"href":"https:\/\/www.airtetiaroa.com\/en\/wp-json\/wp\/v2\/types\/page"}],"author":[{"embeddable":true,"href":"https:\/\/www.airtetiaroa.com\/en\/wp-json\/wp\/v2\/users\/1"}],"replies":[{"embeddable":true,"href":"https:\/\/www.airtetiaroa.com\/en\/wp-json\/wp\/v2\/comments?post=134"}],"version-history":[{"count":34,"href":"https:\/\/www.airtetiaroa.com\/en\/wp-json\/wp\/v2\/pages\/134\/revisions"}],"predecessor-version":[{"id":2110,"href":"https:\/\/www.airtetiaroa.com\/en\/wp-json\/wp\/v2\/pages\/134\/revisions\/2110"}],"wp:attachment":[{"href":"https:\/\/www.airtetiaroa.com\/en\/wp-json\/wp\/v2\/media?parent=134"}],"curies":[{"name":"wp","href":"https:\/\/api.w.org\/{rel}","templated":true}]}}